{"id":975,"date":"2022-10-03T18:15:21","date_gmt":"2022-10-03T18:15:21","guid":{"rendered":"http:\/\/sudevelop.fasobizness.com\/?post_type=product&#038;p=975"},"modified":"2025-08-14T11:34:17","modified_gmt":"2025-08-14T11:34:17","slug":"tcp-301","status":"publish","type":"product","link":"https:\/\/copie-suddevelop.suddevelop.com\/index.php\/product\/tcp-301\/","title":{"rendered":"TCP 301"},"content":{"rendered":"<p>SYSTEME D&rsquo;ACQUISITION BASIQUE POUR BANC TCP 300<\/p>\n<h4>Description<\/h4>\n<p>Le syst\u00e8me d\u2019acquisition comprend les capteurs suivants\u00a0:<\/p>\n<p>-3 capteurs de temp\u00e9rature reli\u00e9s au syst\u00e8me de supervision aux points suivants\u00a0:<\/p>\n<p>-R134a entr\u00e9e d\u00e9tendeur<\/p>\n<p>-R134a entr\u00e9e compresseur<\/p>\n<p>-R134a sortie compresseur<\/p>\n<p>-2 capteurs de pression<\/p>\n<p>-basse pression (aspiration compresseur)<\/p>\n<p>-haute pression (refoulement compresseur)<\/p>\n<p>-1 capteur de puissance \u00e9lectrique (analyse de la consommation du compresseur)<\/p>\n<p>&nbsp;<\/p>\n<p>Le logiciel est d\u00e9velopp\u00e9 sous LabVIEW de national instrument et comprend les vues ci-dessous. Il permet \u00e9galement\u00a0:<\/p>\n<p>-de sauvegarder les donn\u00e9es sous un fichier de format Excel<\/p>\n<p>-de sauvegarder le graphique en temps r\u00e9el dans un fichier au format image<\/p>\n<p>-de sauvegarder le diagramme enthalpique en temps r\u00e9el dans un fichier au format image<\/p>\n","protected":false},"excerpt":{"rendered":"<p>SYSTEME D&rsquo;ACQUISITION BASIQUE POUR BANC TCP 300 Description Le syst\u00e8me d\u2019acquisition comprend les capteurs suivants\u00a0: -3 capteurs de temp\u00e9rature reli\u00e9s au syst\u00e8me de supervision aux points suivants\u00a0: -R134a entr\u00e9e d\u00e9tendeur -R134a entr\u00e9e compresseur -R134a sortie compresseur -2 capteurs de pression -basse pression (aspiration compresseur) -haute pression (refoulement compresseur) -1 capteur de puissance \u00e9lectrique (analyse de [&hellip;]<\/p>\n","protected":false},"featured_media":976,"template":"","meta":{"site-sidebar-layout":"default","site-content-layout":"default","ast-site-content-layout":"default","site-content-style":"default","site-sidebar-style":"default","ast-global-header-display":"","ast-banner-title-visibility":"","ast-main-header-display":"","ast-hfb-above-header-display":"","ast-hfb-below-header-display":"","ast-hfb-mobile-header-display":"","site-post-title":"","ast-breadcrumbs-content":"","ast-featured-img":"","footer-sml-layout":"","theme-transparent-header-meta":"default","adv-header-id-meta":"","stick-header-meta":"","header-above-stick-meta":"","header-main-stick-meta":"","header-below-stick-meta":"","astra-migrate-meta-layouts":"default","ast-page-background-enabled":"default","ast-page-background-meta":{"desktop":{"background-color":"var(--ast-global-color-4)","background-image":"","background-repeat":"repeat","background-position":"center center","background-size":"auto","background-attachment":"scroll","background-type":"","background-media":"","overlay-type":"","overlay-color":"","overlay-opacity":"","overlay-gradient":""},"tablet":{"background-color":"","background-image":"","background-repeat":"repeat","background-position":"center center","background-size":"auto","background-attachment":"scroll","background-type":"","background-media":"","overlay-type":"","overlay-color":"","overlay-opacity":"","overlay-gradient":""},"mobile":{"background-color":"","background-image":"","background-repeat":"repeat","background-position":"center center","background-size":"auto","background-attachment":"scroll","background-type":"","background-media":"","overlay-type":"","overlay-color":"","overlay-opacity":"","overlay-gradient":""}},"ast-content-background-meta":{"desktop":{"background-color":"var(--ast-global-color-5)","background-image":"","background-repeat":"repeat","background-position":"center center","background-size":"auto","background-attachment":"scroll","background-type":"","background-media":"","overlay-type":"","overlay-color":"","overlay-opacity":"","overlay-gradient":""},"tablet":{"background-color":"var(--ast-global-color-5)","background-image":"","background-repeat":"repeat","background-position":"center center","background-size":"auto","background-attachment":"scroll","background-type":"","background-media":"","overlay-type":"","overlay-color":"","overlay-opacity":"","overlay-gradient":""},"mobile":{"background-color":"var(--ast-global-color-5)","background-image":"","background-repeat":"repeat","background-position":"center center","background-size":"auto","background-attachment":"scroll","background-type":"","background-media":"","overlay-type":"","overlay-color":"","overlay-opacity":"","overlay-gradient":""}},"_themeisle_gutenberg_block_has_review":false},"product_brand":[],"product_cat":[31,35,36,33,32],"product_tag":[],"class_list":{"0":"post-975","1":"product","2":"type-product","3":"status-publish","4":"has-post-thumbnail","6":"product_cat-didactique","7":"product_cat-enseignement-professionnel-et-clinique","8":"product_cat-genie-civil","9":"product_cat-physique-chimie","10":"product_cat-science-de-la-vie-et-de-la-terre","11":"desktop-align-left","12":"tablet-align-left","13":"mobile-align-left","15":"first","16":"instock","17":"shipping-taxable","18":"product-type-simple"},"_links":{"self":[{"href":"https:\/\/copie-suddevelop.suddevelop.com\/index.php\/wp-json\/wp\/v2\/product\/975","targetHints":{"allow":["GET"]}}],"collection":[{"href":"https:\/\/copie-suddevelop.suddevelop.com\/index.php\/wp-json\/wp\/v2\/product"}],"about":[{"href":"https:\/\/copie-suddevelop.suddevelop.com\/index.php\/wp-json\/wp\/v2\/types\/product"}],"wp:featuredmedia":[{"embeddable":true,"href":"https:\/\/copie-suddevelop.suddevelop.com\/index.php\/wp-json\/wp\/v2\/media\/976"}],"wp:attachment":[{"href":"https:\/\/copie-suddevelop.suddevelop.com\/index.php\/wp-json\/wp\/v2\/media?parent=975"}],"wp:term":[{"taxonomy":"product_brand","embeddable":true,"href":"https:\/\/copie-suddevelop.suddevelop.com\/index.php\/wp-json\/wp\/v2\/product_brand?post=975"},{"taxonomy":"product_cat","embeddable":true,"href":"https:\/\/copie-suddevelop.suddevelop.com\/index.php\/wp-json\/wp\/v2\/product_cat?post=975"},{"taxonomy":"product_tag","embeddable":true,"href":"https:\/\/copie-suddevelop.suddevelop.com\/index.php\/wp-json\/wp\/v2\/product_tag?post=975"}],"curies":[{"name":"wp","href":"https:\/\/api.w.org\/{rel}","templated":true}]}}