{"id":953,"date":"2022-10-03T17:22:21","date_gmt":"2022-10-03T17:22:21","guid":{"rendered":"http:\/\/sudevelop.fasobizness.com\/?post_type=product&#038;p=953"},"modified":"2025-08-14T11:34:18","modified_gmt":"2025-08-14T11:34:18","slug":"hff-200","status":"publish","type":"product","link":"https:\/\/copie-suddevelop.suddevelop.com\/index.php\/product\/hff-200\/","title":{"rendered":"HFF 200"},"content":{"rendered":"<p>BANC D&rsquo;HABILITATION AVEC COMPRESSEUR SEMI-HERMETIQUE (EAU\/EAU)<\/p>\n<h4>Applications p\u00e9dagogiques*<\/h4>\n<p>&#8211;\u00a0\u00a0\u00a0\u00a0\u00a0\u00a0\u00a0\u00a0\u00a0 Identification des composants d\u2019une installation frigorifique<\/p>\n<p>&#8211;\u00a0\u00a0\u00a0\u00a0\u00a0\u00a0\u00a0\u00a0\u00a0 Mise en service et r\u00e9glages (r\u00e9gulateur, d\u00e9tendeur) d\u2019une installation frigorifique<\/p>\n<p>&#8211;\u00a0\u00a0\u00a0\u00a0\u00a0\u00a0\u00a0\u00a0\u00a0 Proc\u00e9dure de r\u00e9cup\u00e9ration et de charge d\u2019un fluide frigorig\u00e8ne (n\u00e9cessite l\u2019outillage compl\u00e9mentaire OUT134)<\/p>\n<p>&#8211;\u00a0\u00a0\u00a0\u00a0\u00a0\u00a0\u00a0\u00a0\u00a0 R\u00e9glage de composants de r\u00e9gulation (vanne KVP, pressostat BP, pressostat HBP)<\/p>\n<p>&#8211;\u00a0\u00a0\u00a0\u00a0\u00a0\u00a0\u00a0\u00a0\u00a0 Op\u00e9rations de maintenance sur une installation frigorifique, remplacement du d\u00e9shydrateur, remplacement d\u2019un bout de ligne BP, remplacement de l\u2019huile du compresseur etc&#8230; \u00a0(N\u00e9cessite l\u2019outillage compl\u00e9mentaire OUT134)<\/p>\n<p>&#8211;\u00a0\u00a0\u00a0\u00a0\u00a0\u00a0\u00a0\u00a0\u00a0 Tracer du cycle frigorifique sur diagramme enthalpique pour v\u00e9rifier le fonctionnement de l\u2019installation<\/p>\n<p>&#8211;\u00a0\u00a0\u00a0\u00a0\u00a0\u00a0\u00a0\u00a0\u00a0 Utilisation du fluide R513 ou R134a \u00e0 pr\u00e9ciser<\/p>\n<h4>Description<\/h4>\n<p>Le banc HFF200 est con\u00e7u pour former les apprenants \u00e0 la manipulation des fluides frigorig\u00e8nes. L\u2019installation est bas\u00e9e sur un cycle frigorifique fonctionnant au R134a ou R513. Elle comprend les composants principaux d\u2019une installation positive, un compresseur, un condenseur \u00e0 eau, un r\u00e9servoir de liquide, un s\u00e9parateur d\u2019huile, une \u00e9lectrovanne de r\u00e9gulation, un d\u00e9tendeur, un \u00e9vaporateur \u00e0 eau et une bouteille anti coup de liquide. Des vannes de service et des raccords Schrader permettent aux apprenants le raccordement d\u2019un manifold pour les op\u00e9rations de charge, de r\u00e9cup\u00e9ration et de v\u00e9rification de fonctionnement.<\/p>\n<p>&nbsp;<\/p>\n<p>La dissipation d\u2019\u00e9nergie est faite par un circuit d\u2019eau en boucle ferm\u00e9e comprenant un a\u00e9rotherme pour dissiper les calories et un ballon tampon. Un coffret de r\u00e9gulation thermostatique va piloter le fonctionnement de l\u2019\u00e9lectrovanne (r\u00e9gulation pump-down). Un bouton permet de bipasser les pressostats pour forcer le fonctionnement du compresseur et faciliter la d\u00e9pose des manifolds.<\/p>\n<p>&nbsp;<\/p>\n<p>La conception robuste de cet \u00e9quipement le rend parfaitement adapt\u00e9 pour une utilisation en milieu scolaire. Sa structure en aluminium anodis\u00e9e sur roues lui conf\u00e8re une tr\u00e8s grande robustesse ainsi qu\u2019une grande souplesse d\u2019int\u00e9gration dans vos locaux. En partie basse, le banc comporte une zone de rangement \u00e9quip\u00e9e d\u2019une porte avec fermeture \u00e0 cl\u00e9 (rangement de l\u2019outillage).<\/p>\n<p>&nbsp;<\/p>\n<p>La fabrication de cet \u00e9quipement r\u00e9pond \u00e0 la directive machine europ\u00e9enne. Cet \u00e9quipement peut \u00eatre utilis\u00e9 seul ou associ\u00e9 aux autres \u00e9quipements compatibles de notre gamme (voir derni\u00e8re partie de ce document).<\/p>\n","protected":false},"excerpt":{"rendered":"<p>BANC D&rsquo;HABILITATION AVEC COMPRESSEUR SEMI-HERMETIQUE (EAU\/EAU) Applications p\u00e9dagogiques* &#8211;\u00a0\u00a0\u00a0\u00a0\u00a0\u00a0\u00a0\u00a0\u00a0 Identification des composants d\u2019une installation frigorifique &#8211;\u00a0\u00a0\u00a0\u00a0\u00a0\u00a0\u00a0\u00a0\u00a0 Mise en service et r\u00e9glages (r\u00e9gulateur, d\u00e9tendeur) d\u2019une installation frigorifique &#8211;\u00a0\u00a0\u00a0\u00a0\u00a0\u00a0\u00a0\u00a0\u00a0 Proc\u00e9dure de r\u00e9cup\u00e9ration et de charge d\u2019un fluide frigorig\u00e8ne (n\u00e9cessite l\u2019outillage compl\u00e9mentaire OUT134) &#8211;\u00a0\u00a0\u00a0\u00a0\u00a0\u00a0\u00a0\u00a0\u00a0 R\u00e9glage de composants de r\u00e9gulation (vanne KVP, pressostat BP, pressostat HBP) &#8211;\u00a0\u00a0\u00a0\u00a0\u00a0\u00a0\u00a0\u00a0\u00a0 Op\u00e9rations de [&hellip;]<\/p>\n","protected":false},"featured_media":1636,"template":"","meta":{"site-sidebar-layout":"default","site-content-layout":"default","ast-site-content-layout":"default","site-content-style":"default","site-sidebar-style":"default","ast-global-header-display":"","ast-banner-title-visibility":"","ast-main-header-display":"","ast-hfb-above-header-display":"","ast-hfb-below-header-display":"","ast-hfb-mobile-header-display":"","site-post-title":"","ast-breadcrumbs-content":"","ast-featured-img":"","footer-sml-layout":"","theme-transparent-header-meta":"default","adv-header-id-meta":"","stick-header-meta":"","header-above-stick-meta":"","header-main-stick-meta":"","header-below-stick-meta":"","astra-migrate-meta-layouts":"default","ast-page-background-enabled":"default","ast-page-background-meta":{"desktop":{"background-color":"var(--ast-global-color-4)","background-image":"","background-repeat":"repeat","background-position":"center center","background-size":"auto","background-attachment":"scroll","background-type":"","background-media":"","overlay-type":"","overlay-color":"","overlay-opacity":"","overlay-gradient":""},"tablet":{"background-color":"","background-image":"","background-repeat":"repeat","background-position":"center center","background-size":"auto","background-attachment":"scroll","background-type":"","background-media":"","overlay-type":"","overlay-color":"","overlay-opacity":"","overlay-gradient":""},"mobile":{"background-color":"","background-image":"","background-repeat":"repeat","background-position":"center center","background-size":"auto","background-attachment":"scroll","background-type":"","background-media":"","overlay-type":"","overlay-color":"","overlay-opacity":"","overlay-gradient":""}},"ast-content-background-meta":{"desktop":{"background-color":"var(--ast-global-color-5)","background-image":"","background-repeat":"repeat","background-position":"center center","background-size":"auto","background-attachment":"scroll","background-type":"","background-media":"","overlay-type":"","overlay-color":"","overlay-opacity":"","overlay-gradient":""},"tablet":{"background-color":"var(--ast-global-color-5)","background-image":"","background-repeat":"repeat","background-position":"center center","background-size":"auto","background-attachment":"scroll","background-type":"","background-media":"","overlay-type":"","overlay-color":"","overlay-opacity":"","overlay-gradient":""},"mobile":{"background-color":"var(--ast-global-color-5)","background-image":"","background-repeat":"repeat","background-position":"center center","background-size":"auto","background-attachment":"scroll","background-type":"","background-media":"","overlay-type":"","overlay-color":"","overlay-opacity":"","overlay-gradient":""}},"_themeisle_gutenberg_block_has_review":false},"product_brand":[],"product_cat":[31,35,36,32],"product_tag":[],"class_list":{"0":"post-953","1":"product","2":"type-product","3":"status-publish","4":"has-post-thumbnail","6":"product_cat-didactique","7":"product_cat-enseignement-professionnel-et-clinique","8":"product_cat-genie-civil","9":"product_cat-science-de-la-vie-et-de-la-terre","10":"desktop-align-left","11":"tablet-align-left","12":"mobile-align-left","14":"first","15":"instock","16":"shipping-taxable","17":"product-type-simple"},"_links":{"self":[{"href":"https:\/\/copie-suddevelop.suddevelop.com\/index.php\/wp-json\/wp\/v2\/product\/953","targetHints":{"allow":["GET"]}}],"collection":[{"href":"https:\/\/copie-suddevelop.suddevelop.com\/index.php\/wp-json\/wp\/v2\/product"}],"about":[{"href":"https:\/\/copie-suddevelop.suddevelop.com\/index.php\/wp-json\/wp\/v2\/types\/product"}],"wp:featuredmedia":[{"embeddable":true,"href":"https:\/\/copie-suddevelop.suddevelop.com\/index.php\/wp-json\/wp\/v2\/media\/1636"}],"wp:attachment":[{"href":"https:\/\/copie-suddevelop.suddevelop.com\/index.php\/wp-json\/wp\/v2\/media?parent=953"}],"wp:term":[{"taxonomy":"product_brand","embeddable":true,"href":"https:\/\/copie-suddevelop.suddevelop.com\/index.php\/wp-json\/wp\/v2\/product_brand?post=953"},{"taxonomy":"product_cat","embeddable":true,"href":"https:\/\/copie-suddevelop.suddevelop.com\/index.php\/wp-json\/wp\/v2\/product_cat?post=953"},{"taxonomy":"product_tag","embeddable":true,"href":"https:\/\/copie-suddevelop.suddevelop.com\/index.php\/wp-json\/wp\/v2\/product_tag?post=953"}],"curies":[{"name":"wp","href":"https:\/\/api.w.org\/{rel}","templated":true}]}}