{"id":949,"date":"2022-10-03T17:17:14","date_gmt":"2022-10-03T17:17:14","guid":{"rendered":"http:\/\/sudevelop.fasobizness.com\/?post_type=product&#038;p=949"},"modified":"2025-08-14T11:34:18","modified_gmt":"2025-08-14T11:34:18","slug":"tvp-300","status":"publish","type":"product","link":"https:\/\/copie-suddevelop.suddevelop.com\/index.php\/product\/tvp-300\/","title":{"rendered":"TVP 300"},"content":{"rendered":"<p>PRODUCTION ET DISTRIBUTION DE VAPEUR<\/p>\n<h4>Applications p\u00e9dagogiques*<\/h4>\n<p>Manipulations pratiques d\u2019\u00e9l\u00e9ments r\u00e9els de production et distribution de vapeur<br \/>\n-Etude d\u2019un syst\u00e8me de production et distribution de vapeur<br \/>\n-Pr\u00e9 contr\u00f4le, mise en service r\u00e9glage<br \/>\n-Conduite d\u2019une installation de vapeur<br \/>\n-Optimisation des param\u00e8tres de fonctionnement<br \/>\n-Recherche et identification des composants<br \/>\n-Etude des technologies vapeur (s\u00e9parateur, purgeurs automatiques, d\u00e9tendeurs, vannes de r\u00e9gulation\u2026)<br \/>\n-Maintenance pr\u00e9ventive et suivi de la qualit\u00e9 d\u2019eau<br \/>\n-Etude des \u00e9changes thermiques<br \/>\n-Etude du cycle de transformation de la vapeur<br \/>\n-Approche des notions de s\u00e9curit\u00e9 d\u2019une installation thermique<br \/>\nUtilisation de l\u2019instrumentation<br \/>\n-Bilans, rendements, puissances<br \/>\n-Mesure des pressions, d\u00e9bit, niveau et temp\u00e9rature<br \/>\n-Analyse des gaz de combustion<br \/>\n-Contr\u00f4le et r\u00e9gulation de la temp\u00e9rature de sortie de l\u2019\u00e9changeur thermique<br \/>\n-Analyse de la duret\u00e9 de l\u2019eau en entr\u00e9e et sortie de l\u2019adoucisseur<\/p>\n","protected":false},"excerpt":{"rendered":"<p>PRODUCTION ET DISTRIBUTION DE VAPEUR Applications p\u00e9dagogiques* Manipulations pratiques d\u2019\u00e9l\u00e9ments r\u00e9els de production et distribution de vapeur -Etude d\u2019un syst\u00e8me de production et distribution de vapeur -Pr\u00e9 contr\u00f4le, mise en service r\u00e9glage -Conduite d\u2019une installation de vapeur -Optimisation des param\u00e8tres de fonctionnement -Recherche et identification des composants -Etude des technologies vapeur (s\u00e9parateur, purgeurs automatiques, d\u00e9tendeurs, [&hellip;]<\/p>\n","protected":false},"featured_media":1580,"template":"","meta":{"site-sidebar-layout":"default","site-content-layout":"default","ast-site-content-layout":"default","site-content-style":"default","site-sidebar-style":"default","ast-global-header-display":"","ast-banner-title-visibility":"","ast-main-header-display":"","ast-hfb-above-header-display":"","ast-hfb-below-header-display":"","ast-hfb-mobile-header-display":"","site-post-title":"","ast-breadcrumbs-content":"","ast-featured-img":"","footer-sml-layout":"","theme-transparent-header-meta":"default","adv-header-id-meta":"","stick-header-meta":"","header-above-stick-meta":"","header-main-stick-meta":"","header-below-stick-meta":"","astra-migrate-meta-layouts":"default","ast-page-background-enabled":"default","ast-page-background-meta":{"desktop":{"background-color":"var(--ast-global-color-4)","background-image":"","background-repeat":"repeat","background-position":"center center","background-size":"auto","background-attachment":"scroll","background-type":"","background-media":"","overlay-type":"","overlay-color":"","overlay-opacity":"","overlay-gradient":""},"tablet":{"background-color":"","background-image":"","background-repeat":"repeat","background-position":"center center","background-size":"auto","background-attachment":"scroll","background-type":"","background-media":"","overlay-type":"","overlay-color":"","overlay-opacity":"","overlay-gradient":""},"mobile":{"background-color":"","background-image":"","background-repeat":"repeat","background-position":"center center","background-size":"auto","background-attachment":"scroll","background-type":"","background-media":"","overlay-type":"","overlay-color":"","overlay-opacity":"","overlay-gradient":""}},"ast-content-background-meta":{"desktop":{"background-color":"var(--ast-global-color-5)","background-image":"","background-repeat":"repeat","background-position":"center center","background-size":"auto","background-attachment":"scroll","background-type":"","background-media":"","overlay-type":"","overlay-color":"","overlay-opacity":"","overlay-gradient":""},"tablet":{"background-color":"var(--ast-global-color-5)","background-image":"","background-repeat":"repeat","background-position":"center center","background-size":"auto","background-attachment":"scroll","background-type":"","background-media":"","overlay-type":"","overlay-color":"","overlay-opacity":"","overlay-gradient":""},"mobile":{"background-color":"var(--ast-global-color-5)","background-image":"","background-repeat":"repeat","background-position":"center center","background-size":"auto","background-attachment":"scroll","background-type":"","background-media":"","overlay-type":"","overlay-color":"","overlay-opacity":"","overlay-gradient":""}},"_themeisle_gutenberg_block_has_review":false},"product_brand":[],"product_cat":[31,35,33,32],"product_tag":[],"class_list":{"0":"post-949","1":"product","2":"type-product","3":"status-publish","4":"has-post-thumbnail","6":"product_cat-didactique","7":"product_cat-enseignement-professionnel-et-clinique","8":"product_cat-physique-chimie","9":"product_cat-science-de-la-vie-et-de-la-terre","10":"desktop-align-left","11":"tablet-align-left","12":"mobile-align-left","14":"first","15":"instock","16":"shipping-taxable","17":"product-type-simple"},"_links":{"self":[{"href":"https:\/\/copie-suddevelop.suddevelop.com\/index.php\/wp-json\/wp\/v2\/product\/949","targetHints":{"allow":["GET"]}}],"collection":[{"href":"https:\/\/copie-suddevelop.suddevelop.com\/index.php\/wp-json\/wp\/v2\/product"}],"about":[{"href":"https:\/\/copie-suddevelop.suddevelop.com\/index.php\/wp-json\/wp\/v2\/types\/product"}],"wp:featuredmedia":[{"embeddable":true,"href":"https:\/\/copie-suddevelop.suddevelop.com\/index.php\/wp-json\/wp\/v2\/media\/1580"}],"wp:attachment":[{"href":"https:\/\/copie-suddevelop.suddevelop.com\/index.php\/wp-json\/wp\/v2\/media?parent=949"}],"wp:term":[{"taxonomy":"product_brand","embeddable":true,"href":"https:\/\/copie-suddevelop.suddevelop.com\/index.php\/wp-json\/wp\/v2\/product_brand?post=949"},{"taxonomy":"product_cat","embeddable":true,"href":"https:\/\/copie-suddevelop.suddevelop.com\/index.php\/wp-json\/wp\/v2\/product_cat?post=949"},{"taxonomy":"product_tag","embeddable":true,"href":"https:\/\/copie-suddevelop.suddevelop.com\/index.php\/wp-json\/wp\/v2\/product_tag?post=949"}],"curies":[{"name":"wp","href":"https:\/\/api.w.org\/{rel}","templated":true}]}}