{"id":932,"date":"2022-10-03T16:59:53","date_gmt":"2022-10-03T16:59:53","guid":{"rendered":"http:\/\/sudevelop.fasobizness.com\/?post_type=product&#038;p=932"},"modified":"2025-08-14T11:34:18","modified_gmt":"2025-08-14T11:34:18","slug":"rtc-100","status":"publish","type":"product","link":"https:\/\/copie-suddevelop.suddevelop.com\/index.php\/product\/rtc-100\/","title":{"rendered":"RTC 100"},"content":{"rendered":"<p>BANC DE REGULATION DE CHAUFFAGE<\/p>\n<h4>Applications p\u00e9dagogiques*<\/h4>\n<p>&#8211;\u00a0\u00a0\u00a0\u00a0\u00a0\u00a0\u00a0\u00a0\u00a0 Identification des composants d\u2019une boucle de r\u00e9gulation de chauffage<\/p>\n<p>&#8211;\u00a0\u00a0\u00a0\u00a0\u00a0\u00a0\u00a0\u00a0\u00a0 C\u00e2blage des entr\u00e9es et des sorties d\u2019un r\u00e9gulateur de chauffage (le raccordement vers le synoptique peut \u00eatre fait manuellement par des cordons double puit ou tr\u00e8s rapidement via un commutateur qui connecte directement les deux parties)<\/p>\n<p>&#8211;\u00a0\u00a0\u00a0\u00a0\u00a0\u00a0\u00a0\u00a0\u00a0 Fonctionnement en simulation\u00a0: raccordement des entr\u00e9es sorties du r\u00e9gulateur vers le tableau synoptique<\/p>\n<p>&#8211;\u00a0\u00a0\u00a0\u00a0\u00a0\u00a0\u00a0\u00a0\u00a0 Fonctionnement en situation r\u00e9elle\u00a0: raccordement des entr\u00e9es sorties du r\u00e9gulateur vers un banc compl\u00e9mentaire compatible (en option)<\/p>\n<p>&#8211;\u00a0\u00a0\u00a0\u00a0\u00a0\u00a0\u00a0\u00a0\u00a0 Mise en service et ajustement des conditions de fonctionnement<\/p>\n<p>&#8211;\u00a0\u00a0\u00a0\u00a0\u00a0\u00a0\u00a0\u00a0\u00a0 Param\u00e9trage du r\u00e9gulateur et v\u00e9rification du bon fonctionnement (courbe de chauffe\u2026)<\/p>\n<h4>Description<\/h4>\n<p>Le banc RTC 100 permet l\u2019\u00e9tude de la r\u00e9gulation de syst\u00e8mes de chauffage dans les b\u00e2timents. Il est compos\u00e9 d\u2019un pupitre en acier \u00e9quip\u00e9 d\u2019un r\u00e9gulateur standard permettant de r\u00e9guler deux boucles de chauffage (1x circuit plancher chauffant et 1x circuit radiateur) et une boucle de production d\u2019ECS (eau chaude sanitaire). Le banc peut \u00eatre utilis\u00e9 en simulation (raccordement du r\u00e9gulateur vers le synoptique) ou en situation r\u00e9elle (raccordement du r\u00e9gulateur vers un banc de production r\u00e9el).<\/p>\n<p>&nbsp;<\/p>\n<p>Les utilisateurs devront r\u00e9aliser le c\u00e2blage des entr\u00e9es et des sorties du r\u00e9gulateur. Ils pourront utiliser les douilles double puits et les cordons fournis ou un commutateur qui connecte directement le synoptique au r\u00e9gulateur en interne.<\/p>\n<p>Ils devront ensuite mettre en service le syst\u00e8me et param\u00e9trer le r\u00e9gulateur (courbe de chauffe, temps d\u2019action de vanne, horloge\u2026). Ils pourront ensuite v\u00e9rifier le bon fonctionnement de l\u2019ensemble en ajustant le potentiom\u00e8tre de simulation du synoptique.<\/p>\n<p>&nbsp;<\/p>\n<p>La conception robuste de cet \u00e9quipement le rend parfaitement adapt\u00e9 pour une utilisation en milieu scolaire.<\/p>\n<p>Sa structure en aluminium anodis\u00e9e sur roues lui conf\u00e8re une tr\u00e8s grande robustesse ainsi qu\u2019une grande souplesse d\u2019int\u00e9gration dans vos locaux. La fabrication de cet \u00e9quipement r\u00e9pond \u00e0 la directive machine\u00a0 europ\u00e9enne<\/p>\n<p class=\" text-left\">Cet \u00e9quipement peut \u00eatre utilis\u00e9 seul ou associ\u00e9 aux autres \u00e9quipements compatibles de notre gamme<\/p>\n","protected":false},"excerpt":{"rendered":"<p>BANC DE REGULATION DE CHAUFFAGE Applications p\u00e9dagogiques* &#8211;\u00a0\u00a0\u00a0\u00a0\u00a0\u00a0\u00a0\u00a0\u00a0 Identification des composants d\u2019une boucle de r\u00e9gulation de chauffage &#8211;\u00a0\u00a0\u00a0\u00a0\u00a0\u00a0\u00a0\u00a0\u00a0 C\u00e2blage des entr\u00e9es et des sorties d\u2019un r\u00e9gulateur de chauffage (le raccordement vers le synoptique peut \u00eatre fait manuellement par des cordons double puit ou tr\u00e8s rapidement via un commutateur qui connecte directement les deux parties) &#8211;\u00a0\u00a0\u00a0\u00a0\u00a0\u00a0\u00a0\u00a0\u00a0 [&hellip;]<\/p>\n","protected":false},"featured_media":1577,"template":"","meta":{"site-sidebar-layout":"default","site-content-layout":"default","ast-site-content-layout":"default","site-content-style":"default","site-sidebar-style":"default","ast-global-header-display":"","ast-banner-title-visibility":"","ast-main-header-display":"","ast-hfb-above-header-display":"","ast-hfb-below-header-display":"","ast-hfb-mobile-header-display":"","site-post-title":"","ast-breadcrumbs-content":"","ast-featured-img":"","footer-sml-layout":"","theme-transparent-header-meta":"default","adv-header-id-meta":"","stick-header-meta":"","header-above-stick-meta":"","header-main-stick-meta":"","header-below-stick-meta":"","astra-migrate-meta-layouts":"default","ast-page-background-enabled":"default","ast-page-background-meta":{"desktop":{"background-color":"var(--ast-global-color-4)","background-image":"","background-repeat":"repeat","background-position":"center center","background-size":"auto","background-attachment":"scroll","background-type":"","background-media":"","overlay-type":"","overlay-color":"","overlay-opacity":"","overlay-gradient":""},"tablet":{"background-color":"","background-image":"","background-repeat":"repeat","background-position":"center center","background-size":"auto","background-attachment":"scroll","background-type":"","background-media":"","overlay-type":"","overlay-color":"","overlay-opacity":"","overlay-gradient":""},"mobile":{"background-color":"","background-image":"","background-repeat":"repeat","background-position":"center center","background-size":"auto","background-attachment":"scroll","background-type":"","background-media":"","overlay-type":"","overlay-color":"","overlay-opacity":"","overlay-gradient":""}},"ast-content-background-meta":{"desktop":{"background-color":"var(--ast-global-color-5)","background-image":"","background-repeat":"repeat","background-position":"center center","background-size":"auto","background-attachment":"scroll","background-type":"","background-media":"","overlay-type":"","overlay-color":"","overlay-opacity":"","overlay-gradient":""},"tablet":{"background-color":"var(--ast-global-color-5)","background-image":"","background-repeat":"repeat","background-position":"center center","background-size":"auto","background-attachment":"scroll","background-type":"","background-media":"","overlay-type":"","overlay-color":"","overlay-opacity":"","overlay-gradient":""},"mobile":{"background-color":"var(--ast-global-color-5)","background-image":"","background-repeat":"repeat","background-position":"center center","background-size":"auto","background-attachment":"scroll","background-type":"","background-media":"","overlay-type":"","overlay-color":"","overlay-opacity":"","overlay-gradient":""}},"_themeisle_gutenberg_block_has_review":false},"product_brand":[],"product_cat":[31,35,36,32],"product_tag":[],"class_list":{"0":"post-932","1":"product","2":"type-product","3":"status-publish","4":"has-post-thumbnail","6":"product_cat-didactique","7":"product_cat-enseignement-professionnel-et-clinique","8":"product_cat-genie-civil","9":"product_cat-science-de-la-vie-et-de-la-terre","10":"desktop-align-left","11":"tablet-align-left","12":"mobile-align-left","14":"first","15":"instock","16":"shipping-taxable","17":"product-type-simple"},"_links":{"self":[{"href":"https:\/\/copie-suddevelop.suddevelop.com\/index.php\/wp-json\/wp\/v2\/product\/932","targetHints":{"allow":["GET"]}}],"collection":[{"href":"https:\/\/copie-suddevelop.suddevelop.com\/index.php\/wp-json\/wp\/v2\/product"}],"about":[{"href":"https:\/\/copie-suddevelop.suddevelop.com\/index.php\/wp-json\/wp\/v2\/types\/product"}],"wp:featuredmedia":[{"embeddable":true,"href":"https:\/\/copie-suddevelop.suddevelop.com\/index.php\/wp-json\/wp\/v2\/media\/1577"}],"wp:attachment":[{"href":"https:\/\/copie-suddevelop.suddevelop.com\/index.php\/wp-json\/wp\/v2\/media?parent=932"}],"wp:term":[{"taxonomy":"product_brand","embeddable":true,"href":"https:\/\/copie-suddevelop.suddevelop.com\/index.php\/wp-json\/wp\/v2\/product_brand?post=932"},{"taxonomy":"product_cat","embeddable":true,"href":"https:\/\/copie-suddevelop.suddevelop.com\/index.php\/wp-json\/wp\/v2\/product_cat?post=932"},{"taxonomy":"product_tag","embeddable":true,"href":"https:\/\/copie-suddevelop.suddevelop.com\/index.php\/wp-json\/wp\/v2\/product_tag?post=932"}],"curies":[{"name":"wp","href":"https:\/\/api.w.org\/{rel}","templated":true}]}}