{"id":926,"date":"2022-10-03T16:51:37","date_gmt":"2022-10-03T16:51:37","guid":{"rendered":"http:\/\/sudevelop.fasobizness.com\/?post_type=product&#038;p=926"},"modified":"2025-08-14T11:34:18","modified_gmt":"2025-08-14T11:34:18","slug":"aer-150","status":"publish","type":"product","link":"https:\/\/copie-suddevelop.suddevelop.com\/index.php\/product\/aer-150\/","title":{"rendered":"AER 150"},"content":{"rendered":"<p>BANC DE DISSIPATION AEROTHERME<\/p>\n<h4>Applications p\u00e9dagogiques*<\/h4>\n<p>&#8211; Etude d\u2019un a\u00e9rotherme.<br \/>\n&#8211; Etude de la r\u00e9gulation par vanne 3 voies.<br \/>\n&#8211; R\u00e9glage d\u2019une courbe de chauffe.<br \/>\n&#8211; Fonctionnement d\u2019une bouteille d\u2019injection.<br \/>\n&#8211; Calcul du rendement thermique.<br \/>\n&#8211; Comparaison des efficacit\u00e9s.<br \/>\n&#8211; Raccordement hydraulique<br \/>\n&#8211; Maintenance pr\u00e9ventive et curative.<br \/>\n&#8211; Tracer de sch\u00e9mas \u00e9lectriques et hydrauliques.<br \/>\n&#8211; Calcul d\u2019\u00e9changes dans un \u00e9metteur<\/p>\n","protected":false},"excerpt":{"rendered":"<p>BANC DE DISSIPATION AEROTHERME Applications p\u00e9dagogiques* &#8211; Etude d\u2019un a\u00e9rotherme. &#8211; Etude de la r\u00e9gulation par vanne 3 voies. &#8211; R\u00e9glage d\u2019une courbe de chauffe. &#8211; Fonctionnement d\u2019une bouteille d\u2019injection. &#8211; Calcul du rendement thermique. &#8211; Comparaison des efficacit\u00e9s. &#8211; Raccordement hydraulique &#8211; Maintenance pr\u00e9ventive et curative. &#8211; Tracer de sch\u00e9mas \u00e9lectriques et hydrauliques. &#8211; [&hellip;]<\/p>\n","protected":false},"featured_media":1575,"template":"","meta":{"site-sidebar-layout":"default","site-content-layout":"default","ast-site-content-layout":"default","site-content-style":"default","site-sidebar-style":"default","ast-global-header-display":"","ast-banner-title-visibility":"","ast-main-header-display":"","ast-hfb-above-header-display":"","ast-hfb-below-header-display":"","ast-hfb-mobile-header-display":"","site-post-title":"","ast-breadcrumbs-content":"","ast-featured-img":"","footer-sml-layout":"","theme-transparent-header-meta":"default","adv-header-id-meta":"","stick-header-meta":"","header-above-stick-meta":"","header-main-stick-meta":"","header-below-stick-meta":"","astra-migrate-meta-layouts":"default","ast-page-background-enabled":"default","ast-page-background-meta":{"desktop":{"background-color":"var(--ast-global-color-4)","background-image":"","background-repeat":"repeat","background-position":"center center","background-size":"auto","background-attachment":"scroll","background-type":"","background-media":"","overlay-type":"","overlay-color":"","overlay-opacity":"","overlay-gradient":""},"tablet":{"background-color":"","background-image":"","background-repeat":"repeat","background-position":"center center","background-size":"auto","background-attachment":"scroll","background-type":"","background-media":"","overlay-type":"","overlay-color":"","overlay-opacity":"","overlay-gradient":""},"mobile":{"background-color":"","background-image":"","background-repeat":"repeat","background-position":"center center","background-size":"auto","background-attachment":"scroll","background-type":"","background-media":"","overlay-type":"","overlay-color":"","overlay-opacity":"","overlay-gradient":""}},"ast-content-background-meta":{"desktop":{"background-color":"var(--ast-global-color-5)","background-image":"","background-repeat":"repeat","background-position":"center center","background-size":"auto","background-attachment":"scroll","background-type":"","background-media":"","overlay-type":"","overlay-color":"","overlay-opacity":"","overlay-gradient":""},"tablet":{"background-color":"var(--ast-global-color-5)","background-image":"","background-repeat":"repeat","background-position":"center center","background-size":"auto","background-attachment":"scroll","background-type":"","background-media":"","overlay-type":"","overlay-color":"","overlay-opacity":"","overlay-gradient":""},"mobile":{"background-color":"var(--ast-global-color-5)","background-image":"","background-repeat":"repeat","background-position":"center center","background-size":"auto","background-attachment":"scroll","background-type":"","background-media":"","overlay-type":"","overlay-color":"","overlay-opacity":"","overlay-gradient":""}},"_themeisle_gutenberg_block_has_review":false},"product_brand":[],"product_cat":[31,35,33,32],"product_tag":[],"class_list":{"0":"post-926","1":"product","2":"type-product","3":"status-publish","4":"has-post-thumbnail","6":"product_cat-didactique","7":"product_cat-enseignement-professionnel-et-clinique","8":"product_cat-physique-chimie","9":"product_cat-science-de-la-vie-et-de-la-terre","10":"desktop-align-left","11":"tablet-align-left","12":"mobile-align-left","14":"first","15":"instock","16":"shipping-taxable","17":"product-type-simple"},"_links":{"self":[{"href":"https:\/\/copie-suddevelop.suddevelop.com\/index.php\/wp-json\/wp\/v2\/product\/926","targetHints":{"allow":["GET"]}}],"collection":[{"href":"https:\/\/copie-suddevelop.suddevelop.com\/index.php\/wp-json\/wp\/v2\/product"}],"about":[{"href":"https:\/\/copie-suddevelop.suddevelop.com\/index.php\/wp-json\/wp\/v2\/types\/product"}],"wp:featuredmedia":[{"embeddable":true,"href":"https:\/\/copie-suddevelop.suddevelop.com\/index.php\/wp-json\/wp\/v2\/media\/1575"}],"wp:attachment":[{"href":"https:\/\/copie-suddevelop.suddevelop.com\/index.php\/wp-json\/wp\/v2\/media?parent=926"}],"wp:term":[{"taxonomy":"product_brand","embeddable":true,"href":"https:\/\/copie-suddevelop.suddevelop.com\/index.php\/wp-json\/wp\/v2\/product_brand?post=926"},{"taxonomy":"product_cat","embeddable":true,"href":"https:\/\/copie-suddevelop.suddevelop.com\/index.php\/wp-json\/wp\/v2\/product_cat?post=926"},{"taxonomy":"product_tag","embeddable":true,"href":"https:\/\/copie-suddevelop.suddevelop.com\/index.php\/wp-json\/wp\/v2\/product_tag?post=926"}],"curies":[{"name":"wp","href":"https:\/\/api.w.org\/{rel}","templated":true}]}}