{"id":903,"date":"2022-10-03T16:21:54","date_gmt":"2022-10-03T16:21:54","guid":{"rendered":"http:\/\/sudevelop.fasobizness.com\/?post_type=product&#038;p=903"},"modified":"2025-08-14T11:34:18","modified_gmt":"2025-08-14T11:34:18","slug":"tcf-101","status":"publish","type":"product","link":"https:\/\/copie-suddevelop.suddevelop.com\/index.php\/product\/tcf-101\/","title":{"rendered":"TCF 101"},"content":{"rendered":"<p>BANC DE CHAUDIERES MURALES<\/p>\n<h4>Applications p\u00e9dagogiques*<\/h4>\n<p>&#8211;\u00a0\u00a0\u00a0\u00a0\u00a0\u00a0\u00a0\u00a0\u00a0 Identification des composants d\u2019une chaudi\u00e8re murale gaz et des circuits associ\u00e9s (ECS et chauffage)<\/p>\n<p>&#8211;\u00a0\u00a0\u00a0\u00a0\u00a0\u00a0\u00a0\u00a0\u00a0 Visualisation de la mise en \u0153uvre des chaudi\u00e8res<\/p>\n<p>&#8211;\u00a0\u00a0\u00a0\u00a0\u00a0\u00a0\u00a0\u00a0\u00a0 Mise en service de chaque chaudi\u00e8re et param\u00e9trage des r\u00e9gulations<\/p>\n<p>&#8211;\u00a0\u00a0\u00a0\u00a0\u00a0\u00a0\u00a0\u00a0\u00a0 Mesure des d\u00e9bits et temp\u00e9rature et calcul de la puissance thermique du circuit de chauffage<\/p>\n<p>&#8211;\u00a0\u00a0\u00a0\u00a0\u00a0\u00a0\u00a0\u00a0\u00a0 Etude du circuit ECS et mesure des d\u00e9bits et temp\u00e9rature<\/p>\n<p>&#8211;\u00a0\u00a0\u00a0\u00a0\u00a0\u00a0\u00a0\u00a0\u00a0 Etude de la chaudi\u00e8re et mesure de la consommation de gaz<\/p>\n<p>&nbsp;<\/p>\n<h4>Description<\/h4>\n<p>&nbsp;<\/p>\n<p class=\" text-left\">Le banc TCF101 permet l\u2019\u00e9tude de deux chaudi\u00e8res murales gaz.<\/p>\n<p class=\" text-left\">La premi\u00e8re chaudi\u00e8re est basique, elle comporte un circuit ECS et un circuit de chauffage direct. La seconde chaudi\u00e8re est plus \u00e9volu\u00e9 et comporte un circuit ECS et un circuit de chauffage avec r\u00e9gulation par vanne trois voies (r\u00e9gulation int\u00e9gr\u00e9e dans la chaudi\u00e8re).<\/p>\n<p class=\" text-left\">Les apprentis devront dans un premier temps identifier les composants de chaque chaudi\u00e8re puis proc\u00e9der \u00e0 la mise en service de celle-ci.<\/p>\n<p class=\" text-left\">Lorsque le circuit sera en temp\u00e9rature, ils pourront alors faire des calculs de puissance thermique et de consommation (gaz).<\/p>\n<p class=\" text-left\">Chaque module est \u00e9galement \u00e9quip\u00e9 d\u2019un circuit ECS instrument\u00e9 afin de mesurer les d\u00e9bits et les temp\u00e9ratures de fonctionnement.<\/p>\n<p class=\" text-left\">La conception robuste de cet \u00e9quipement le rend parfaitement adapt\u00e9 pour une utilisation en milieu scolaire.<\/p>\n<p class=\" text-left\">Sa structure en aluminium anodis\u00e9e sur roulettes lui conf\u00e8re une tr\u00e8s grande robustesse ainsi qu\u2019une grande souplesse d\u2019int\u00e9gration dans vos locaux. La fabrication de cet \u00e9quipement r\u00e9pond \u00e0 la directive machine\u00a0 europ\u00e9enne<\/p>\n<p class=\" text-left\">Le banc de chaudi\u00e8res murales n\u00e9cessite une unit\u00e9 de dissipation (raccordement sur le r\u00e9seau de l\u2019\u00e9tablissement ou modules optionnels DIDATEC)<\/p>\n<p>Cet \u00e9quipement peut \u00eatre utilis\u00e9 seul ou associ\u00e9 aux autres \u00e9quipements compatibles de notre gamme<\/p>\n","protected":false},"excerpt":{"rendered":"<p>BANC DE CHAUDIERES MURALES Applications p\u00e9dagogiques* &#8211;\u00a0\u00a0\u00a0\u00a0\u00a0\u00a0\u00a0\u00a0\u00a0 Identification des composants d\u2019une chaudi\u00e8re murale gaz et des circuits associ\u00e9s (ECS et chauffage) &#8211;\u00a0\u00a0\u00a0\u00a0\u00a0\u00a0\u00a0\u00a0\u00a0 Visualisation de la mise en \u0153uvre des chaudi\u00e8res &#8211;\u00a0\u00a0\u00a0\u00a0\u00a0\u00a0\u00a0\u00a0\u00a0 Mise en service de chaque chaudi\u00e8re et param\u00e9trage des r\u00e9gulations &#8211;\u00a0\u00a0\u00a0\u00a0\u00a0\u00a0\u00a0\u00a0\u00a0 Mesure des d\u00e9bits et temp\u00e9rature et calcul de la puissance thermique du circuit [&hellip;]<\/p>\n","protected":false},"featured_media":1571,"template":"","meta":{"site-sidebar-layout":"default","site-content-layout":"default","ast-site-content-layout":"default","site-content-style":"default","site-sidebar-style":"default","ast-global-header-display":"","ast-banner-title-visibility":"","ast-main-header-display":"","ast-hfb-above-header-display":"","ast-hfb-below-header-display":"","ast-hfb-mobile-header-display":"","site-post-title":"","ast-breadcrumbs-content":"","ast-featured-img":"","footer-sml-layout":"","theme-transparent-header-meta":"default","adv-header-id-meta":"","stick-header-meta":"","header-above-stick-meta":"","header-main-stick-meta":"","header-below-stick-meta":"","astra-migrate-meta-layouts":"default","ast-page-background-enabled":"default","ast-page-background-meta":{"desktop":{"background-color":"var(--ast-global-color-4)","background-image":"","background-repeat":"repeat","background-position":"center center","background-size":"auto","background-attachment":"scroll","background-type":"","background-media":"","overlay-type":"","overlay-color":"","overlay-opacity":"","overlay-gradient":""},"tablet":{"background-color":"","background-image":"","background-repeat":"repeat","background-position":"center center","background-size":"auto","background-attachment":"scroll","background-type":"","background-media":"","overlay-type":"","overlay-color":"","overlay-opacity":"","overlay-gradient":""},"mobile":{"background-color":"","background-image":"","background-repeat":"repeat","background-position":"center center","background-size":"auto","background-attachment":"scroll","background-type":"","background-media":"","overlay-type":"","overlay-color":"","overlay-opacity":"","overlay-gradient":""}},"ast-content-background-meta":{"desktop":{"background-color":"var(--ast-global-color-5)","background-image":"","background-repeat":"repeat","background-position":"center center","background-size":"auto","background-attachment":"scroll","background-type":"","background-media":"","overlay-type":"","overlay-color":"","overlay-opacity":"","overlay-gradient":""},"tablet":{"background-color":"var(--ast-global-color-5)","background-image":"","background-repeat":"repeat","background-position":"center center","background-size":"auto","background-attachment":"scroll","background-type":"","background-media":"","overlay-type":"","overlay-color":"","overlay-opacity":"","overlay-gradient":""},"mobile":{"background-color":"var(--ast-global-color-5)","background-image":"","background-repeat":"repeat","background-position":"center center","background-size":"auto","background-attachment":"scroll","background-type":"","background-media":"","overlay-type":"","overlay-color":"","overlay-opacity":"","overlay-gradient":""}},"_themeisle_gutenberg_block_has_review":false},"product_brand":[],"product_cat":[31,35,36,33,32],"product_tag":[],"class_list":{"0":"post-903","1":"product","2":"type-product","3":"status-publish","4":"has-post-thumbnail","6":"product_cat-didactique","7":"product_cat-enseignement-professionnel-et-clinique","8":"product_cat-genie-civil","9":"product_cat-physique-chimie","10":"product_cat-science-de-la-vie-et-de-la-terre","11":"desktop-align-left","12":"tablet-align-left","13":"mobile-align-left","15":"first","16":"instock","17":"shipping-taxable","18":"product-type-simple"},"_links":{"self":[{"href":"https:\/\/copie-suddevelop.suddevelop.com\/index.php\/wp-json\/wp\/v2\/product\/903","targetHints":{"allow":["GET"]}}],"collection":[{"href":"https:\/\/copie-suddevelop.suddevelop.com\/index.php\/wp-json\/wp\/v2\/product"}],"about":[{"href":"https:\/\/copie-suddevelop.suddevelop.com\/index.php\/wp-json\/wp\/v2\/types\/product"}],"wp:featuredmedia":[{"embeddable":true,"href":"https:\/\/copie-suddevelop.suddevelop.com\/index.php\/wp-json\/wp\/v2\/media\/1571"}],"wp:attachment":[{"href":"https:\/\/copie-suddevelop.suddevelop.com\/index.php\/wp-json\/wp\/v2\/media?parent=903"}],"wp:term":[{"taxonomy":"product_brand","embeddable":true,"href":"https:\/\/copie-suddevelop.suddevelop.com\/index.php\/wp-json\/wp\/v2\/product_brand?post=903"},{"taxonomy":"product_cat","embeddable":true,"href":"https:\/\/copie-suddevelop.suddevelop.com\/index.php\/wp-json\/wp\/v2\/product_cat?post=903"},{"taxonomy":"product_tag","embeddable":true,"href":"https:\/\/copie-suddevelop.suddevelop.com\/index.php\/wp-json\/wp\/v2\/product_tag?post=903"}],"curies":[{"name":"wp","href":"https:\/\/api.w.org\/{rel}","templated":true}]}}