{"id":1137,"date":"2022-10-04T11:58:38","date_gmt":"2022-10-04T11:58:38","guid":{"rendered":"http:\/\/sudevelop.fasobizness.com\/?post_type=product&#038;p=1137"},"modified":"2025-08-14T11:34:17","modified_gmt":"2025-08-14T11:34:17","slug":"ste-410","status":"publish","type":"product","link":"https:\/\/copie-suddevelop.suddevelop.com\/index.php\/product\/ste-410\/","title":{"rendered":"Ventilation M\u00e9canique Contr\u00f4l\u00e9e Double flux"},"content":{"rendered":"<p>CAISSON POUR VMC DOUBLE FLUX<\/p>\n<h4>Applications p\u00e9dagogiques*<\/h4>\n<p>Simulation d\u2019habitat pour VMC double flux<\/p>\n<h4>Description<\/h4>\n<p>Le caisson pour VMC double flux est destin\u00e9 \u00e0 \u00eatre raccord\u00e9 sur le banc de VMC STE400. Il permet de simuler un habitat chauff\u00e9 et de voir ainsi l\u2019efficacit\u00e9 d\u2019\u00e9change de la centrale double flux.<\/p>\n<p>Le banc est compos\u00e9 de\u00a0:<\/p>\n<p>-un caisson en profil\u00e9 aluminium de volume 1.3m<sup>3<\/sup>\u00a0avec paroi opaque en PVC blanc et porte frontale vitr\u00e9e (serrure \u00e0 clef). Le caisson est \u00e9quip\u00e9 de 4 roulettes directionnelles \u00e0 frein<\/p>\n<p>-un radiateur \u00e9lectrique (convecteur) de puissance 1000w<\/p>\n<p>-un boitier \u00e9lectrique avec disjoncteur diff\u00e9rentiel10A-30mA<\/p>\n<p>-deux bouches de raccordement diam\u00e8tre 125mm<\/p>\n<p>-deux flexibles souples pour le raccordement vers la centrale double flux<\/p>\n","protected":false},"excerpt":{"rendered":"<p>CAISSON POUR VMC DOUBLE FLUX Applications p\u00e9dagogiques* Simulation d\u2019habitat pour VMC double flux Description Le caisson pour VMC double flux est destin\u00e9 \u00e0 \u00eatre raccord\u00e9 sur le banc de VMC STE400. Il permet de simuler un habitat chauff\u00e9 et de voir ainsi l\u2019efficacit\u00e9 d\u2019\u00e9change de la centrale double flux. Le banc est compos\u00e9 de\u00a0: -un [&hellip;]<\/p>\n","protected":false},"featured_media":1557,"template":"","meta":{"site-sidebar-layout":"default","site-content-layout":"default","ast-site-content-layout":"default","site-content-style":"default","site-sidebar-style":"default","ast-global-header-display":"","ast-banner-title-visibility":"","ast-main-header-display":"","ast-hfb-above-header-display":"","ast-hfb-below-header-display":"","ast-hfb-mobile-header-display":"","site-post-title":"","ast-breadcrumbs-content":"","ast-featured-img":"","footer-sml-layout":"","theme-transparent-header-meta":"default","adv-header-id-meta":"","stick-header-meta":"","header-above-stick-meta":"","header-main-stick-meta":"","header-below-stick-meta":"","astra-migrate-meta-layouts":"default","ast-page-background-enabled":"default","ast-page-background-meta":{"desktop":{"background-color":"var(--ast-global-color-4)","background-image":"","background-repeat":"repeat","background-position":"center center","background-size":"auto","background-attachment":"scroll","background-type":"","background-media":"","overlay-type":"","overlay-color":"","overlay-opacity":"","overlay-gradient":""},"tablet":{"background-color":"","background-image":"","background-repeat":"repeat","background-position":"center center","background-size":"auto","background-attachment":"scroll","background-type":"","background-media":"","overlay-type":"","overlay-color":"","overlay-opacity":"","overlay-gradient":""},"mobile":{"background-color":"","background-image":"","background-repeat":"repeat","background-position":"center center","background-size":"auto","background-attachment":"scroll","background-type":"","background-media":"","overlay-type":"","overlay-color":"","overlay-opacity":"","overlay-gradient":""}},"ast-content-background-meta":{"desktop":{"background-color":"var(--ast-global-color-5)","background-image":"","background-repeat":"repeat","background-position":"center center","background-size":"auto","background-attachment":"scroll","background-type":"","background-media":"","overlay-type":"","overlay-color":"","overlay-opacity":"","overlay-gradient":""},"tablet":{"background-color":"var(--ast-global-color-5)","background-image":"","background-repeat":"repeat","background-position":"center center","background-size":"auto","background-attachment":"scroll","background-type":"","background-media":"","overlay-type":"","overlay-color":"","overlay-opacity":"","overlay-gradient":""},"mobile":{"background-color":"var(--ast-global-color-5)","background-image":"","background-repeat":"repeat","background-position":"center center","background-size":"auto","background-attachment":"scroll","background-type":"","background-media":"","overlay-type":"","overlay-color":"","overlay-opacity":"","overlay-gradient":""}},"_themeisle_gutenberg_block_has_review":false},"product_brand":[],"product_cat":[31,35,36,33,32],"product_tag":[],"class_list":{"0":"post-1137","1":"product","2":"type-product","3":"status-publish","4":"has-post-thumbnail","6":"product_cat-didactique","7":"product_cat-enseignement-professionnel-et-clinique","8":"product_cat-genie-civil","9":"product_cat-physique-chimie","10":"product_cat-science-de-la-vie-et-de-la-terre","11":"desktop-align-left","12":"tablet-align-left","13":"mobile-align-left","15":"first","16":"instock","17":"shipping-taxable","18":"product-type-simple"},"_links":{"self":[{"href":"https:\/\/copie-suddevelop.suddevelop.com\/index.php\/wp-json\/wp\/v2\/product\/1137","targetHints":{"allow":["GET"]}}],"collection":[{"href":"https:\/\/copie-suddevelop.suddevelop.com\/index.php\/wp-json\/wp\/v2\/product"}],"about":[{"href":"https:\/\/copie-suddevelop.suddevelop.com\/index.php\/wp-json\/wp\/v2\/types\/product"}],"wp:featuredmedia":[{"embeddable":true,"href":"https:\/\/copie-suddevelop.suddevelop.com\/index.php\/wp-json\/wp\/v2\/media\/1557"}],"wp:attachment":[{"href":"https:\/\/copie-suddevelop.suddevelop.com\/index.php\/wp-json\/wp\/v2\/media?parent=1137"}],"wp:term":[{"taxonomy":"product_brand","embeddable":true,"href":"https:\/\/copie-suddevelop.suddevelop.com\/index.php\/wp-json\/wp\/v2\/product_brand?post=1137"},{"taxonomy":"product_cat","embeddable":true,"href":"https:\/\/copie-suddevelop.suddevelop.com\/index.php\/wp-json\/wp\/v2\/product_cat?post=1137"},{"taxonomy":"product_tag","embeddable":true,"href":"https:\/\/copie-suddevelop.suddevelop.com\/index.php\/wp-json\/wp\/v2\/product_tag?post=1137"}],"curies":[{"name":"wp","href":"https:\/\/api.w.org\/{rel}","templated":true}]}}