{"id":1128,"date":"2022-10-04T11:45:26","date_gmt":"2022-10-04T11:45:26","guid":{"rendered":"http:\/\/sudevelop.fasobizness.com\/?post_type=product&#038;p=1128"},"modified":"2025-08-14T11:34:17","modified_gmt":"2025-08-14T11:34:17","slug":"pog-050","status":"publish","type":"product","link":"https:\/\/copie-suddevelop.suddevelop.com\/index.php\/product\/pog-050\/","title":{"rendered":"POG 050"},"content":{"rendered":"<p>POELE A GRANULE HYDRAULIQUE<\/p>\n<h4>Applications p\u00e9dagogiques*<\/h4>\n<ul>\n<li>Etude d\u2019un po\u00eale \u00e0 granul\u00e9s<\/li>\n<li>Mise en service, raccordement et utilisation<\/li>\n<li>Etude de la puissance produite<\/li>\n<li>Op\u00e9rations de chargement de granul\u00e9s<\/li>\n<li>Maintenance et nettoyage du po\u00eale<\/li>\n<li>Production d\u2019eau de chauffage<\/li>\n<\/ul>\n<h4>Description<\/h4>\n<p>Le banc permet l\u2019\u00e9tude d\u2019un po\u00eale \u00e0 granul\u00e9s hydraulique. Il est compos\u00e9 d\u2019un po\u00eale \u00e0 pellets avec raccordement hydraulique pour chauffage central et de tous les composants annexes n\u00e9cessaires \u00e0 la production (remplissage, circulation, expansion, soupape..). le banc est destin\u00e9 \u00e0 \u00eatre raccord\u00e9 sur un ballon de stockage, un syst\u00e8me de dissipation ou un r\u00e9seau interne du centre de formation. Les \u00e9l\u00e8ves pourront identifier les composants du syst\u00e8me, le pr\u00e9parer (remplissage, chargement en bois\u2026) puis le mettre en service (allumage..). en cours de fonctionnement ils pourront relever les param\u00e8tres de fonctionnement (temp\u00e9rature, d\u00e9bit..) et pourront \u00e9galement v\u00e9rifier la combustion (n\u00e9cessite un analyseur de combustion propos\u00e9 en option).<\/p>\n<p>Apr\u00e8s une p\u00e9riode de fonctionnement, ils pourront proc\u00e9der \u00e0 l\u2019arr\u00eat du syst\u00e8me et faire sa maintenance.<\/p>\n<p>&nbsp;<\/p>\n<p>La conception robuste de cet \u00e9quipement le rend parfaitement adapt\u00e9 pour une utilisation en milieu scolaire.<\/p>\n<p>Sa structure en aluminium anodis\u00e9e sur roues lui conf\u00e8re une tr\u00e8s grande robustesse ainsi qu\u2019une grande souplesse d\u2019int\u00e9gration dans vos locaux. La fabrication de cet \u00e9quipement r\u00e9pond \u00e0 la directive machine\u00a0 europ\u00e9enne.<\/p>\n","protected":false},"excerpt":{"rendered":"<p>POELE A GRANULE HYDRAULIQUE Applications p\u00e9dagogiques* Etude d\u2019un po\u00eale \u00e0 granul\u00e9s Mise en service, raccordement et utilisation Etude de la puissance produite Op\u00e9rations de chargement de granul\u00e9s Maintenance et nettoyage du po\u00eale Production d\u2019eau de chauffage Description Le banc permet l\u2019\u00e9tude d\u2019un po\u00eale \u00e0 granul\u00e9s hydraulique. Il est compos\u00e9 d\u2019un po\u00eale \u00e0 pellets avec raccordement [&hellip;]<\/p>\n","protected":false},"featured_media":1560,"template":"","meta":{"site-sidebar-layout":"default","site-content-layout":"default","ast-site-content-layout":"default","site-content-style":"default","site-sidebar-style":"default","ast-global-header-display":"","ast-banner-title-visibility":"","ast-main-header-display":"","ast-hfb-above-header-display":"","ast-hfb-below-header-display":"","ast-hfb-mobile-header-display":"","site-post-title":"","ast-breadcrumbs-content":"","ast-featured-img":"","footer-sml-layout":"","theme-transparent-header-meta":"default","adv-header-id-meta":"","stick-header-meta":"","header-above-stick-meta":"","header-main-stick-meta":"","header-below-stick-meta":"","astra-migrate-meta-layouts":"default","ast-page-background-enabled":"default","ast-page-background-meta":{"desktop":{"background-color":"var(--ast-global-color-4)","background-image":"","background-repeat":"repeat","background-position":"center center","background-size":"auto","background-attachment":"scroll","background-type":"","background-media":"","overlay-type":"","overlay-color":"","overlay-opacity":"","overlay-gradient":""},"tablet":{"background-color":"","background-image":"","background-repeat":"repeat","background-position":"center center","background-size":"auto","background-attachment":"scroll","background-type":"","background-media":"","overlay-type":"","overlay-color":"","overlay-opacity":"","overlay-gradient":""},"mobile":{"background-color":"","background-image":"","background-repeat":"repeat","background-position":"center center","background-size":"auto","background-attachment":"scroll","background-type":"","background-media":"","overlay-type":"","overlay-color":"","overlay-opacity":"","overlay-gradient":""}},"ast-content-background-meta":{"desktop":{"background-color":"var(--ast-global-color-5)","background-image":"","background-repeat":"repeat","background-position":"center center","background-size":"auto","background-attachment":"scroll","background-type":"","background-media":"","overlay-type":"","overlay-color":"","overlay-opacity":"","overlay-gradient":""},"tablet":{"background-color":"var(--ast-global-color-5)","background-image":"","background-repeat":"repeat","background-position":"center center","background-size":"auto","background-attachment":"scroll","background-type":"","background-media":"","overlay-type":"","overlay-color":"","overlay-opacity":"","overlay-gradient":""},"mobile":{"background-color":"var(--ast-global-color-5)","background-image":"","background-repeat":"repeat","background-position":"center center","background-size":"auto","background-attachment":"scroll","background-type":"","background-media":"","overlay-type":"","overlay-color":"","overlay-opacity":"","overlay-gradient":""}},"_themeisle_gutenberg_block_has_review":false},"product_brand":[],"product_cat":[31,35,36,33,32],"product_tag":[],"class_list":{"0":"post-1128","1":"product","2":"type-product","3":"status-publish","4":"has-post-thumbnail","6":"product_cat-didactique","7":"product_cat-enseignement-professionnel-et-clinique","8":"product_cat-genie-civil","9":"product_cat-physique-chimie","10":"product_cat-science-de-la-vie-et-de-la-terre","11":"desktop-align-left","12":"tablet-align-left","13":"mobile-align-left","15":"first","16":"instock","17":"shipping-taxable","18":"product-type-simple"},"_links":{"self":[{"href":"https:\/\/copie-suddevelop.suddevelop.com\/index.php\/wp-json\/wp\/v2\/product\/1128","targetHints":{"allow":["GET"]}}],"collection":[{"href":"https:\/\/copie-suddevelop.suddevelop.com\/index.php\/wp-json\/wp\/v2\/product"}],"about":[{"href":"https:\/\/copie-suddevelop.suddevelop.com\/index.php\/wp-json\/wp\/v2\/types\/product"}],"wp:featuredmedia":[{"embeddable":true,"href":"https:\/\/copie-suddevelop.suddevelop.com\/index.php\/wp-json\/wp\/v2\/media\/1560"}],"wp:attachment":[{"href":"https:\/\/copie-suddevelop.suddevelop.com\/index.php\/wp-json\/wp\/v2\/media?parent=1128"}],"wp:term":[{"taxonomy":"product_brand","embeddable":true,"href":"https:\/\/copie-suddevelop.suddevelop.com\/index.php\/wp-json\/wp\/v2\/product_brand?post=1128"},{"taxonomy":"product_cat","embeddable":true,"href":"https:\/\/copie-suddevelop.suddevelop.com\/index.php\/wp-json\/wp\/v2\/product_cat?post=1128"},{"taxonomy":"product_tag","embeddable":true,"href":"https:\/\/copie-suddevelop.suddevelop.com\/index.php\/wp-json\/wp\/v2\/product_tag?post=1128"}],"curies":[{"name":"wp","href":"https:\/\/api.w.org\/{rel}","templated":true}]}}