{"id":1122,"date":"2022-10-04T11:40:17","date_gmt":"2022-10-04T11:40:17","guid":{"rendered":"http:\/\/sudevelop.fasobizness.com\/?post_type=product&#038;p=1122"},"modified":"2025-08-14T11:34:17","modified_gmt":"2025-08-14T11:34:17","slug":"gra-010","status":"publish","type":"product","link":"https:\/\/copie-suddevelop.suddevelop.com\/index.php\/product\/gra-010\/","title":{"rendered":"GRA 010"},"content":{"rendered":"<p>BANC DE CHAUDIERE A GRANULES<\/p>\n<h4>Applications p\u00e9dagogiques*<\/h4>\n<p>&#8211;\u00a0\u00a0\u00a0\u00a0\u00a0\u00a0\u00a0\u00a0\u00a0 Etude technologique d\u2019une Chaudi\u00e8re bois \u00e0 granul\u00e9s.<\/p>\n<p>&#8211;\u00a0\u00a0\u00a0\u00a0\u00a0\u00a0\u00a0\u00a0\u00a0 Etude de la production de chaleur<\/p>\n<p>&#8211;\u00a0\u00a0\u00a0\u00a0\u00a0\u00a0\u00a0\u00a0\u00a0 Mise en service et r\u00e9glages de la Chaudi\u00e8re bois.<\/p>\n<p>&#8211;\u00a0\u00a0\u00a0\u00a0\u00a0\u00a0\u00a0\u00a0\u00a0 Mesure des caract\u00e9ristiques de fonctionnement des variables, telles que le d\u00e9bit, la pression et la temp\u00e9rature.<\/p>\n<p>&#8211;\u00a0\u00a0\u00a0\u00a0\u00a0\u00a0\u00a0\u00a0\u00a0 Calcul de l\u2019\u00e9quilibre, de l\u2019efficacit\u00e9 et des capacit\u00e9s<\/p>\n<p>&#8211;\u00a0\u00a0\u00a0\u00a0\u00a0\u00a0\u00a0\u00a0\u00a0 Maintenance pr\u00e9ventive et corrective de l\u2019unit\u00e9<\/p>\n<p>&#8211;\u00a0\u00a0\u00a0\u00a0\u00a0\u00a0\u00a0\u00a0\u00a0 stockage des granules fabriqu\u00e9s \u00e0 partir des copeaux de bois.<\/p>\n<h4>Description<\/h4>\n<p>Le banc GRA010\u00a0 permet l\u2019\u00e9tude d\u2019un syst\u00e8me de chauffage par chaudi\u00e8re \u00e0 granul\u00e9s. Il est compos\u00e9 d\u2019une chaudi\u00e8re avec silo \u00e0 granul\u00e9s, un ballon tampon de volume 200L \u00e9quip\u00e9 de deux r\u00e9seau d\u2019entr\u00e9e et de deux r\u00e9seaux de sortie et d\u2019un a\u00e9rotherme mobile de puissance 33KW.<\/p>\n<p>L\u2019ensemble est pr\u00e9vu avec les connections n\u00e9cessaires au raccordement et \u00e0 la mise en service.<\/p>\n<p>Les \u00e9l\u00e8ves devront faire la mise en service du syst\u00e8me (remplissage d\u2019eau, purge, alimentation en combustible..) puis une v\u00e9rification du fonctionnement par la prise de point de mesure (temp\u00e9rature, d\u00e9bit, pression..). l\u2019instrumentation est int\u00e9gr\u00e9e afin de faciliter les manipulation.<\/p>\n<p>La conception robuste de cet \u00e9quipement le rend parfaitement adapt\u00e9 pour une utilisation en milieu scolaire.<\/p>\n<p>Sa structure en aluminium anodis\u00e9e sur roues lui conf\u00e8re une tr\u00e8s grande robustesse ainsi qu\u2019une grande souplesse d\u2019int\u00e9gration dans vos locaux.La fabrication de cet \u00e9quipement r\u00e9pond \u00e0 la directive machine\u00a0 europ\u00e9enne<\/p>\n<p>Cet \u00e9quipement peut \u00eatre utilis\u00e9 seul ou associ\u00e9 aux autres \u00e9quipements compatibles de notre gamme.<\/p>\n","protected":false},"excerpt":{"rendered":"<p>BANC DE CHAUDIERE A GRANULES Applications p\u00e9dagogiques* &#8211;\u00a0\u00a0\u00a0\u00a0\u00a0\u00a0\u00a0\u00a0\u00a0 Etude technologique d\u2019une Chaudi\u00e8re bois \u00e0 granul\u00e9s. &#8211;\u00a0\u00a0\u00a0\u00a0\u00a0\u00a0\u00a0\u00a0\u00a0 Etude de la production de chaleur &#8211;\u00a0\u00a0\u00a0\u00a0\u00a0\u00a0\u00a0\u00a0\u00a0 Mise en service et r\u00e9glages de la Chaudi\u00e8re bois. &#8211;\u00a0\u00a0\u00a0\u00a0\u00a0\u00a0\u00a0\u00a0\u00a0 Mesure des caract\u00e9ristiques de fonctionnement des variables, telles que le d\u00e9bit, la pression et la temp\u00e9rature. &#8211;\u00a0\u00a0\u00a0\u00a0\u00a0\u00a0\u00a0\u00a0\u00a0 Calcul de l\u2019\u00e9quilibre, de l\u2019efficacit\u00e9 [&hellip;]<\/p>\n","protected":false},"featured_media":1563,"template":"","meta":{"site-sidebar-layout":"default","site-content-layout":"default","ast-site-content-layout":"default","site-content-style":"default","site-sidebar-style":"default","ast-global-header-display":"","ast-banner-title-visibility":"","ast-main-header-display":"","ast-hfb-above-header-display":"","ast-hfb-below-header-display":"","ast-hfb-mobile-header-display":"","site-post-title":"","ast-breadcrumbs-content":"","ast-featured-img":"","footer-sml-layout":"","theme-transparent-header-meta":"default","adv-header-id-meta":"","stick-header-meta":"","header-above-stick-meta":"","header-main-stick-meta":"","header-below-stick-meta":"","astra-migrate-meta-layouts":"default","ast-page-background-enabled":"default","ast-page-background-meta":{"desktop":{"background-color":"var(--ast-global-color-4)","background-image":"","background-repeat":"repeat","background-position":"center center","background-size":"auto","background-attachment":"scroll","background-type":"","background-media":"","overlay-type":"","overlay-color":"","overlay-opacity":"","overlay-gradient":""},"tablet":{"background-color":"","background-image":"","background-repeat":"repeat","background-position":"center center","background-size":"auto","background-attachment":"scroll","background-type":"","background-media":"","overlay-type":"","overlay-color":"","overlay-opacity":"","overlay-gradient":""},"mobile":{"background-color":"","background-image":"","background-repeat":"repeat","background-position":"center center","background-size":"auto","background-attachment":"scroll","background-type":"","background-media":"","overlay-type":"","overlay-color":"","overlay-opacity":"","overlay-gradient":""}},"ast-content-background-meta":{"desktop":{"background-color":"var(--ast-global-color-5)","background-image":"","background-repeat":"repeat","background-position":"center center","background-size":"auto","background-attachment":"scroll","background-type":"","background-media":"","overlay-type":"","overlay-color":"","overlay-opacity":"","overlay-gradient":""},"tablet":{"background-color":"var(--ast-global-color-5)","background-image":"","background-repeat":"repeat","background-position":"center center","background-size":"auto","background-attachment":"scroll","background-type":"","background-media":"","overlay-type":"","overlay-color":"","overlay-opacity":"","overlay-gradient":""},"mobile":{"background-color":"var(--ast-global-color-5)","background-image":"","background-repeat":"repeat","background-position":"center center","background-size":"auto","background-attachment":"scroll","background-type":"","background-media":"","overlay-type":"","overlay-color":"","overlay-opacity":"","overlay-gradient":""}},"_themeisle_gutenberg_block_has_review":false},"product_brand":[],"product_cat":[31,35,36,33,32],"product_tag":[],"class_list":{"0":"post-1122","1":"product","2":"type-product","3":"status-publish","4":"has-post-thumbnail","6":"product_cat-didactique","7":"product_cat-enseignement-professionnel-et-clinique","8":"product_cat-genie-civil","9":"product_cat-physique-chimie","10":"product_cat-science-de-la-vie-et-de-la-terre","11":"desktop-align-left","12":"tablet-align-left","13":"mobile-align-left","15":"first","16":"instock","17":"shipping-taxable","18":"product-type-simple"},"_links":{"self":[{"href":"https:\/\/copie-suddevelop.suddevelop.com\/index.php\/wp-json\/wp\/v2\/product\/1122","targetHints":{"allow":["GET"]}}],"collection":[{"href":"https:\/\/copie-suddevelop.suddevelop.com\/index.php\/wp-json\/wp\/v2\/product"}],"about":[{"href":"https:\/\/copie-suddevelop.suddevelop.com\/index.php\/wp-json\/wp\/v2\/types\/product"}],"wp:featuredmedia":[{"embeddable":true,"href":"https:\/\/copie-suddevelop.suddevelop.com\/index.php\/wp-json\/wp\/v2\/media\/1563"}],"wp:attachment":[{"href":"https:\/\/copie-suddevelop.suddevelop.com\/index.php\/wp-json\/wp\/v2\/media?parent=1122"}],"wp:term":[{"taxonomy":"product_brand","embeddable":true,"href":"https:\/\/copie-suddevelop.suddevelop.com\/index.php\/wp-json\/wp\/v2\/product_brand?post=1122"},{"taxonomy":"product_cat","embeddable":true,"href":"https:\/\/copie-suddevelop.suddevelop.com\/index.php\/wp-json\/wp\/v2\/product_cat?post=1122"},{"taxonomy":"product_tag","embeddable":true,"href":"https:\/\/copie-suddevelop.suddevelop.com\/index.php\/wp-json\/wp\/v2\/product_tag?post=1122"}],"curies":[{"name":"wp","href":"https:\/\/api.w.org\/{rel}","templated":true}]}}