{"id":1103,"date":"2022-10-03T20:25:37","date_gmt":"2022-10-03T20:25:37","guid":{"rendered":"http:\/\/sudevelop.fasobizness.com\/?post_type=product&#038;p=1103"},"modified":"2025-08-14T11:34:17","modified_gmt":"2025-08-14T11:34:17","slug":"ers-051","status":"publish","type":"product","link":"https:\/\/copie-suddevelop.suddevelop.com\/index.php\/product\/ers-051\/","title":{"rendered":"ERS 051"},"content":{"rendered":"<p>SYSTEME D&rsquo;ACQUISITION POUR BANC ERS 050<\/p>\n<h4>Applications p\u00e9dagogiques*<\/h4>\n<p>&#8211;\u00a0\u00a0\u00a0\u00a0\u00a0\u00a0\u00a0\u00a0\u00a0 Syst\u00e8me d\u2019acquisition de donn\u00e9es pour banc type ers050<\/p>\n<p>&#8211;\u00a0\u00a0\u00a0\u00a0\u00a0\u00a0\u00a0\u00a0\u00a0 Trac\u00e9 des donn\u00e9es en fonction du temps sur un graphique<\/p>\n<p>&#8211;\u00a0\u00a0\u00a0\u00a0\u00a0\u00a0\u00a0\u00a0\u00a0 Visualisation des donn\u00e9es sur un sch\u00e9ma synoptique de l\u2019installation (temp\u00e9ratures, d\u00e9bit, rayonnement)<\/p>\n<p>&#8211;\u00a0\u00a0\u00a0\u00a0\u00a0\u00a0\u00a0\u00a0\u00a0 Enregistrement des donn\u00e9es vers un fichier au format tableur.<\/p>\n<h4>Description<\/h4>\n<p>Le syst\u00e8me d\u2019acquisition de donn\u00e9es est compatible avec le banc ERS050. Il est int\u00e9gr\u00e9 directement dans le coffret de la machine.<\/p>\n<p>Il permet l\u2019acquisition des donn\u00e9es (temp\u00e9ratures, d\u00e9bit rayonnement). Les donn\u00e9es sont affich\u00e9es localement sur un indicateur mais sont \u00e9galement affich\u00e9es en temps r\u00e9el sur le logiciel install\u00e9 sur un PC. Le logiciel est divis\u00e9 en deux parties. La premi\u00e8re comprend un sch\u00e9ma synoptique avec affichage de toutes les donn\u00e9es. La seconde comprend un graphique en fonction du temps.<\/p>\n","protected":false},"excerpt":{"rendered":"<p>SYSTEME D&rsquo;ACQUISITION POUR BANC ERS 050 Applications p\u00e9dagogiques* &#8211;\u00a0\u00a0\u00a0\u00a0\u00a0\u00a0\u00a0\u00a0\u00a0 Syst\u00e8me d\u2019acquisition de donn\u00e9es pour banc type ers050 &#8211;\u00a0\u00a0\u00a0\u00a0\u00a0\u00a0\u00a0\u00a0\u00a0 Trac\u00e9 des donn\u00e9es en fonction du temps sur un graphique &#8211;\u00a0\u00a0\u00a0\u00a0\u00a0\u00a0\u00a0\u00a0\u00a0 Visualisation des donn\u00e9es sur un sch\u00e9ma synoptique de l\u2019installation (temp\u00e9ratures, d\u00e9bit, rayonnement) &#8211;\u00a0\u00a0\u00a0\u00a0\u00a0\u00a0\u00a0\u00a0\u00a0 Enregistrement des donn\u00e9es vers un fichier au format tableur. Description Le syst\u00e8me d\u2019acquisition [&hellip;]<\/p>\n","protected":false},"featured_media":1630,"template":"","meta":{"site-sidebar-layout":"default","site-content-layout":"default","ast-site-content-layout":"default","site-content-style":"default","site-sidebar-style":"default","ast-global-header-display":"","ast-banner-title-visibility":"","ast-main-header-display":"","ast-hfb-above-header-display":"","ast-hfb-below-header-display":"","ast-hfb-mobile-header-display":"","site-post-title":"","ast-breadcrumbs-content":"","ast-featured-img":"","footer-sml-layout":"","theme-transparent-header-meta":"default","adv-header-id-meta":"","stick-header-meta":"","header-above-stick-meta":"","header-main-stick-meta":"","header-below-stick-meta":"","astra-migrate-meta-layouts":"default","ast-page-background-enabled":"default","ast-page-background-meta":{"desktop":{"background-color":"var(--ast-global-color-4)","background-image":"","background-repeat":"repeat","background-position":"center center","background-size":"auto","background-attachment":"scroll","background-type":"","background-media":"","overlay-type":"","overlay-color":"","overlay-opacity":"","overlay-gradient":""},"tablet":{"background-color":"","background-image":"","background-repeat":"repeat","background-position":"center center","background-size":"auto","background-attachment":"scroll","background-type":"","background-media":"","overlay-type":"","overlay-color":"","overlay-opacity":"","overlay-gradient":""},"mobile":{"background-color":"","background-image":"","background-repeat":"repeat","background-position":"center center","background-size":"auto","background-attachment":"scroll","background-type":"","background-media":"","overlay-type":"","overlay-color":"","overlay-opacity":"","overlay-gradient":""}},"ast-content-background-meta":{"desktop":{"background-color":"var(--ast-global-color-5)","background-image":"","background-repeat":"repeat","background-position":"center center","background-size":"auto","background-attachment":"scroll","background-type":"","background-media":"","overlay-type":"","overlay-color":"","overlay-opacity":"","overlay-gradient":""},"tablet":{"background-color":"var(--ast-global-color-5)","background-image":"","background-repeat":"repeat","background-position":"center center","background-size":"auto","background-attachment":"scroll","background-type":"","background-media":"","overlay-type":"","overlay-color":"","overlay-opacity":"","overlay-gradient":""},"mobile":{"background-color":"var(--ast-global-color-5)","background-image":"","background-repeat":"repeat","background-position":"center center","background-size":"auto","background-attachment":"scroll","background-type":"","background-media":"","overlay-type":"","overlay-color":"","overlay-opacity":"","overlay-gradient":""}},"_themeisle_gutenberg_block_has_review":false},"product_brand":[],"product_cat":[31,35,36,33,32],"product_tag":[],"class_list":{"0":"post-1103","1":"product","2":"type-product","3":"status-publish","4":"has-post-thumbnail","6":"product_cat-didactique","7":"product_cat-enseignement-professionnel-et-clinique","8":"product_cat-genie-civil","9":"product_cat-physique-chimie","10":"product_cat-science-de-la-vie-et-de-la-terre","11":"desktop-align-left","12":"tablet-align-left","13":"mobile-align-left","15":"first","16":"instock","17":"shipping-taxable","18":"product-type-simple"},"_links":{"self":[{"href":"https:\/\/copie-suddevelop.suddevelop.com\/index.php\/wp-json\/wp\/v2\/product\/1103","targetHints":{"allow":["GET"]}}],"collection":[{"href":"https:\/\/copie-suddevelop.suddevelop.com\/index.php\/wp-json\/wp\/v2\/product"}],"about":[{"href":"https:\/\/copie-suddevelop.suddevelop.com\/index.php\/wp-json\/wp\/v2\/types\/product"}],"wp:featuredmedia":[{"embeddable":true,"href":"https:\/\/copie-suddevelop.suddevelop.com\/index.php\/wp-json\/wp\/v2\/media\/1630"}],"wp:attachment":[{"href":"https:\/\/copie-suddevelop.suddevelop.com\/index.php\/wp-json\/wp\/v2\/media?parent=1103"}],"wp:term":[{"taxonomy":"product_brand","embeddable":true,"href":"https:\/\/copie-suddevelop.suddevelop.com\/index.php\/wp-json\/wp\/v2\/product_brand?post=1103"},{"taxonomy":"product_cat","embeddable":true,"href":"https:\/\/copie-suddevelop.suddevelop.com\/index.php\/wp-json\/wp\/v2\/product_cat?post=1103"},{"taxonomy":"product_tag","embeddable":true,"href":"https:\/\/copie-suddevelop.suddevelop.com\/index.php\/wp-json\/wp\/v2\/product_tag?post=1103"}],"curies":[{"name":"wp","href":"https:\/\/api.w.org\/{rel}","templated":true}]}}