{"id":1074,"date":"2022-10-03T19:56:11","date_gmt":"2022-10-03T19:56:11","guid":{"rendered":"http:\/\/sudevelop.fasobizness.com\/?post_type=product&#038;p=1074"},"modified":"2025-08-14T11:34:17","modified_gmt":"2025-08-14T11:34:17","slug":"tcp-300","status":"publish","type":"product","link":"https:\/\/copie-suddevelop.suddevelop.com\/index.php\/product\/tcp-300\/","title":{"rendered":"TCP 300"},"content":{"rendered":"<p>POMPE A CHALEUR AIR EAU REVERSIBLE<\/p>\n<h4>Applications p\u00e9dagogiques*<\/h4>\n<p>&#8211;\u00a0\u00a0\u00a0\u00a0\u00a0\u00a0\u00a0\u00a0\u00a0 Identification des composants d\u2019une installation de pompe \u00e0 chaleur air\/eau r\u00e9versible<\/p>\n<p>&#8211;\u00a0\u00a0\u00a0\u00a0\u00a0\u00a0\u00a0\u00a0\u00a0 Visualisation de la mise en \u0153uvre du syst\u00e8me<\/p>\n<p>&#8211;\u00a0\u00a0\u00a0\u00a0\u00a0\u00a0\u00a0\u00a0\u00a0 Visualisation de la transformation du fluide frigorig\u00e8ne au travers des calandres en verre (\u00e9vaporation ou condensation)<\/p>\n<p>&#8211;\u00a0\u00a0\u00a0\u00a0\u00a0\u00a0\u00a0\u00a0\u00a0 Mise en marche, utilisation, et r\u00e9glages<\/p>\n<p>&#8211;\u00a0\u00a0\u00a0\u00a0\u00a0\u00a0\u00a0\u00a0\u00a0 Etude de la r\u00e9versibilit\u00e9 du cycle<\/p>\n<p>&#8211;\u00a0\u00a0\u00a0\u00a0\u00a0\u00a0\u00a0\u00a0\u00a0 Mesure des diff\u00e9rents param\u00e8tres de fonctionnement (consommation \u00e9lectrique, temp\u00e9rature du fluide frigorig\u00e8ne et de l\u2019eau, pressions)<\/p>\n<p>&#8211;\u00a0\u00a0\u00a0\u00a0\u00a0\u00a0\u00a0\u00a0\u00a0 Analyse de l\u2019efficacit\u00e9 \u00e9nerg\u00e9tique du syst\u00e8me et tracer du cycle frigorifique sur diagramme enthalpique<\/p>\n<h4>Description<\/h4>\n<p>Le banc TCP300 permet l\u2019\u00e9tude d\u2019un cycle frigorifique.<\/p>\n<p>Le banc est compos\u00e9 des \u00e9l\u00e9ments standards d\u2019un circuit frigorifique.\u00a0 Le compresseur va tout d\u2019abord \u00e9lev\u00e9 la pression et la temp\u00e9rature du gaz (R134a). le condenseur va ensuite transformer ce gaz haute pression en liquide haute pression. Le liquide haute pression va ensuite \u00eatre stock\u00e9 dans une bouteille puis \u00eatre envoy\u00e9 vers les d\u00e9tendeur. Celui-ci va changer l\u2019\u00e9tat du fluide, il va passer d\u2019un liquide haute pression \u00e0 un liquide basse pression. Ce liquide basse pression est maintenant dans l\u2019\u00e9vaporateur et il va puiser son \u00e9nergie sur le serpentin (et donc le refroidir). Le fluide est sous forme vapeur \u00e0 basse pression, il va traverser une bouteille anti coup de liquide et \u00eatre comprim\u00e9 de nouveau par le compresseur. Le banc comporte deux \u00e9changeurs, un \u00e9changeur \u00e0 air et un \u00e9changeur \u00e0 eau. L\u2019\u00e9changeur \u00e0 air est similaire \u00e0 ceux trouv\u00e9 sur les installations industriels classiques. L\u2019\u00e9changeur \u00e0 eau est un \u00e9changeur didactis\u00e9, les \u00e9l\u00e8ves visualisent la transformation car le fluide frigorig\u00e8ne se condense entre la calandre en verre et le serpentin de refroidissement.<\/p>\n<p>Le cycle de la machine est r\u00e9versible, chaque \u00e9changeur peut donc \u00eatre utilis\u00e9 soit en condenseur soit en \u00e9vaporateur. La vanne d\u2019inversion de cycle est similaire \u00e0 celle retrouv\u00e9 sur les installations classiques et notamment dans les climatisations r\u00e9versibles.<\/p>\n<p>Le banc est autonome et n\u00e9cessite une alimentation \u00e9lectrique 230VAC monophas\u00e9+neutre. Le module est mont\u00e9 sur un ch\u00e2ssis en profil\u00e9 aluminium anodis\u00e9 viss\u00e9 (dimensions 45x45mm) \u00e9quip\u00e9 de roulettes directionnelles avec frein (diam\u00e8tre 100mm).<\/p>\n<p>La conception robuste de cet \u00e9quipement le rend parfaitement adapt\u00e9 pour une utilisation en milieu scolaire.<\/p>\n<p>Sa structure en aluminium anodis\u00e9e sur roues lui conf\u00e8re une tr\u00e8s grande robustesse ainsi qu\u2019une grande souplesse d\u2019int\u00e9gration dans vos locaux.La fabrication de cet \u00e9quipement r\u00e9pond \u00e0 la directive machine\u00a0 europ\u00e9enne<\/p>\n","protected":false},"excerpt":{"rendered":"<p>POMPE A CHALEUR AIR EAU REVERSIBLE Applications p\u00e9dagogiques* &#8211;\u00a0\u00a0\u00a0\u00a0\u00a0\u00a0\u00a0\u00a0\u00a0 Identification des composants d\u2019une installation de pompe \u00e0 chaleur air\/eau r\u00e9versible &#8211;\u00a0\u00a0\u00a0\u00a0\u00a0\u00a0\u00a0\u00a0\u00a0 Visualisation de la mise en \u0153uvre du syst\u00e8me &#8211;\u00a0\u00a0\u00a0\u00a0\u00a0\u00a0\u00a0\u00a0\u00a0 Visualisation de la transformation du fluide frigorig\u00e8ne au travers des calandres en verre (\u00e9vaporation ou condensation) &#8211;\u00a0\u00a0\u00a0\u00a0\u00a0\u00a0\u00a0\u00a0\u00a0 Mise en marche, utilisation, et r\u00e9glages &#8211;\u00a0\u00a0\u00a0\u00a0\u00a0\u00a0\u00a0\u00a0\u00a0 Etude [&hellip;]<\/p>\n","protected":false},"featured_media":1590,"template":"","meta":{"site-sidebar-layout":"default","site-content-layout":"default","ast-site-content-layout":"default","site-content-style":"default","site-sidebar-style":"default","ast-global-header-display":"","ast-banner-title-visibility":"","ast-main-header-display":"","ast-hfb-above-header-display":"","ast-hfb-below-header-display":"","ast-hfb-mobile-header-display":"","site-post-title":"","ast-breadcrumbs-content":"","ast-featured-img":"","footer-sml-layout":"","theme-transparent-header-meta":"default","adv-header-id-meta":"","stick-header-meta":"","header-above-stick-meta":"","header-main-stick-meta":"","header-below-stick-meta":"","astra-migrate-meta-layouts":"default","ast-page-background-enabled":"default","ast-page-background-meta":{"desktop":{"background-color":"var(--ast-global-color-4)","background-image":"","background-repeat":"repeat","background-position":"center center","background-size":"auto","background-attachment":"scroll","background-type":"","background-media":"","overlay-type":"","overlay-color":"","overlay-opacity":"","overlay-gradient":""},"tablet":{"background-color":"","background-image":"","background-repeat":"repeat","background-position":"center center","background-size":"auto","background-attachment":"scroll","background-type":"","background-media":"","overlay-type":"","overlay-color":"","overlay-opacity":"","overlay-gradient":""},"mobile":{"background-color":"","background-image":"","background-repeat":"repeat","background-position":"center center","background-size":"auto","background-attachment":"scroll","background-type":"","background-media":"","overlay-type":"","overlay-color":"","overlay-opacity":"","overlay-gradient":""}},"ast-content-background-meta":{"desktop":{"background-color":"var(--ast-global-color-5)","background-image":"","background-repeat":"repeat","background-position":"center center","background-size":"auto","background-attachment":"scroll","background-type":"","background-media":"","overlay-type":"","overlay-color":"","overlay-opacity":"","overlay-gradient":""},"tablet":{"background-color":"var(--ast-global-color-5)","background-image":"","background-repeat":"repeat","background-position":"center center","background-size":"auto","background-attachment":"scroll","background-type":"","background-media":"","overlay-type":"","overlay-color":"","overlay-opacity":"","overlay-gradient":""},"mobile":{"background-color":"var(--ast-global-color-5)","background-image":"","background-repeat":"repeat","background-position":"center center","background-size":"auto","background-attachment":"scroll","background-type":"","background-media":"","overlay-type":"","overlay-color":"","overlay-opacity":"","overlay-gradient":""}},"_themeisle_gutenberg_block_has_review":false},"product_brand":[],"product_cat":[31,35,36,33,32],"product_tag":[],"class_list":{"0":"post-1074","1":"product","2":"type-product","3":"status-publish","4":"has-post-thumbnail","6":"product_cat-didactique","7":"product_cat-enseignement-professionnel-et-clinique","8":"product_cat-genie-civil","9":"product_cat-physique-chimie","10":"product_cat-science-de-la-vie-et-de-la-terre","11":"desktop-align-left","12":"tablet-align-left","13":"mobile-align-left","15":"first","16":"instock","17":"shipping-taxable","18":"product-type-simple"},"_links":{"self":[{"href":"https:\/\/copie-suddevelop.suddevelop.com\/index.php\/wp-json\/wp\/v2\/product\/1074","targetHints":{"allow":["GET"]}}],"collection":[{"href":"https:\/\/copie-suddevelop.suddevelop.com\/index.php\/wp-json\/wp\/v2\/product"}],"about":[{"href":"https:\/\/copie-suddevelop.suddevelop.com\/index.php\/wp-json\/wp\/v2\/types\/product"}],"wp:featuredmedia":[{"embeddable":true,"href":"https:\/\/copie-suddevelop.suddevelop.com\/index.php\/wp-json\/wp\/v2\/media\/1590"}],"wp:attachment":[{"href":"https:\/\/copie-suddevelop.suddevelop.com\/index.php\/wp-json\/wp\/v2\/media?parent=1074"}],"wp:term":[{"taxonomy":"product_brand","embeddable":true,"href":"https:\/\/copie-suddevelop.suddevelop.com\/index.php\/wp-json\/wp\/v2\/product_brand?post=1074"},{"taxonomy":"product_cat","embeddable":true,"href":"https:\/\/copie-suddevelop.suddevelop.com\/index.php\/wp-json\/wp\/v2\/product_cat?post=1074"},{"taxonomy":"product_tag","embeddable":true,"href":"https:\/\/copie-suddevelop.suddevelop.com\/index.php\/wp-json\/wp\/v2\/product_tag?post=1074"}],"curies":[{"name":"wp","href":"https:\/\/api.w.org\/{rel}","templated":true}]}}