{"id":1070,"date":"2022-10-03T19:52:20","date_gmt":"2022-10-03T19:52:20","guid":{"rendered":"http:\/\/sudevelop.fasobizness.com\/?post_type=product&#038;p=1070"},"modified":"2025-08-14T11:34:17","modified_gmt":"2025-08-14T11:34:17","slug":"stl-100","status":"publish","type":"product","link":"https:\/\/copie-suddevelop.suddevelop.com\/index.php\/product\/stl-100\/","title":{"rendered":"STL 100"},"content":{"rendered":"<p>POMPE A CHALEUR AIR-EAU<\/p>\n<h4>Applications p\u00e9dagogiques*<\/h4>\n<p>-Identification des composants du circuit d\u2019une pompe \u00e0 chaleur air\/eau<\/p>\n<p>-Visualisation de la condensation du fluide dans un \u00e9changeur en verre<\/p>\n<p>-Etude du cycle thermodynamique de la pompe \u00e0 chaleur.<\/p>\n<p>-Mesure de rendement d\u2019un cycle frigorifique<\/p>\n<p>-D\u00e9termination des bilans \u00e9nerg\u00e9tiques du condenseur, de l\u2019\u00e9vaporateur et de l\u2019ensemble pompe \u00e0 chaleur.<\/p>\n<p>-Comparaison du cycle de compression de vapeur \u00e9tabli par manipulation avec le cycle id\u00e9al sur diagramme pression-enthalpie<\/p>\n<h4>Applications p\u00e9dagogiques*<\/h4>\n<p>-Identification des composants du circuit d\u2019une pompe \u00e0 chaleur air\/eau<\/p>\n<p>-Visualisation de la condensation du fluide dans un \u00e9changeur en verre<\/p>\n<p>-Etude du cycle thermodynamique de la pompe \u00e0 chaleur.<\/p>\n<p>-Mesure de rendement d\u2019un cycle frigorifique<\/p>\n<p>-D\u00e9termination des bilans \u00e9nerg\u00e9tiques du condenseur, de l\u2019\u00e9vaporateur et de l\u2019ensemble pompe \u00e0 chaleur.<\/p>\n<p>-Comparaison du cycle de compression de vapeur \u00e9tabli par manipulation avec le cycle id\u00e9al sur diagramme pression-enthalpie<\/p>\n","protected":false},"excerpt":{"rendered":"<p>POMPE A CHALEUR AIR-EAU Applications p\u00e9dagogiques* -Identification des composants du circuit d\u2019une pompe \u00e0 chaleur air\/eau -Visualisation de la condensation du fluide dans un \u00e9changeur en verre -Etude du cycle thermodynamique de la pompe \u00e0 chaleur. -Mesure de rendement d\u2019un cycle frigorifique -D\u00e9termination des bilans \u00e9nerg\u00e9tiques du condenseur, de l\u2019\u00e9vaporateur et de l\u2019ensemble pompe \u00e0 [&hellip;]<\/p>\n","protected":false},"featured_media":1619,"template":"","meta":{"site-sidebar-layout":"default","site-content-layout":"default","ast-site-content-layout":"default","site-content-style":"default","site-sidebar-style":"default","ast-global-header-display":"","ast-banner-title-visibility":"","ast-main-header-display":"","ast-hfb-above-header-display":"","ast-hfb-below-header-display":"","ast-hfb-mobile-header-display":"","site-post-title":"","ast-breadcrumbs-content":"","ast-featured-img":"","footer-sml-layout":"","theme-transparent-header-meta":"default","adv-header-id-meta":"","stick-header-meta":"","header-above-stick-meta":"","header-main-stick-meta":"","header-below-stick-meta":"","astra-migrate-meta-layouts":"default","ast-page-background-enabled":"default","ast-page-background-meta":{"desktop":{"background-color":"var(--ast-global-color-4)","background-image":"","background-repeat":"repeat","background-position":"center center","background-size":"auto","background-attachment":"scroll","background-type":"","background-media":"","overlay-type":"","overlay-color":"","overlay-opacity":"","overlay-gradient":""},"tablet":{"background-color":"","background-image":"","background-repeat":"repeat","background-position":"center center","background-size":"auto","background-attachment":"scroll","background-type":"","background-media":"","overlay-type":"","overlay-color":"","overlay-opacity":"","overlay-gradient":""},"mobile":{"background-color":"","background-image":"","background-repeat":"repeat","background-position":"center center","background-size":"auto","background-attachment":"scroll","background-type":"","background-media":"","overlay-type":"","overlay-color":"","overlay-opacity":"","overlay-gradient":""}},"ast-content-background-meta":{"desktop":{"background-color":"var(--ast-global-color-5)","background-image":"","background-repeat":"repeat","background-position":"center center","background-size":"auto","background-attachment":"scroll","background-type":"","background-media":"","overlay-type":"","overlay-color":"","overlay-opacity":"","overlay-gradient":""},"tablet":{"background-color":"var(--ast-global-color-5)","background-image":"","background-repeat":"repeat","background-position":"center center","background-size":"auto","background-attachment":"scroll","background-type":"","background-media":"","overlay-type":"","overlay-color":"","overlay-opacity":"","overlay-gradient":""},"mobile":{"background-color":"var(--ast-global-color-5)","background-image":"","background-repeat":"repeat","background-position":"center center","background-size":"auto","background-attachment":"scroll","background-type":"","background-media":"","overlay-type":"","overlay-color":"","overlay-opacity":"","overlay-gradient":""}},"_themeisle_gutenberg_block_has_review":false},"product_brand":[],"product_cat":[31,35,36,33,32],"product_tag":[],"class_list":{"0":"post-1070","1":"product","2":"type-product","3":"status-publish","4":"has-post-thumbnail","6":"product_cat-didactique","7":"product_cat-enseignement-professionnel-et-clinique","8":"product_cat-genie-civil","9":"product_cat-physique-chimie","10":"product_cat-science-de-la-vie-et-de-la-terre","11":"desktop-align-left","12":"tablet-align-left","13":"mobile-align-left","15":"first","16":"instock","17":"shipping-taxable","18":"product-type-simple"},"_links":{"self":[{"href":"https:\/\/copie-suddevelop.suddevelop.com\/index.php\/wp-json\/wp\/v2\/product\/1070","targetHints":{"allow":["GET"]}}],"collection":[{"href":"https:\/\/copie-suddevelop.suddevelop.com\/index.php\/wp-json\/wp\/v2\/product"}],"about":[{"href":"https:\/\/copie-suddevelop.suddevelop.com\/index.php\/wp-json\/wp\/v2\/types\/product"}],"wp:featuredmedia":[{"embeddable":true,"href":"https:\/\/copie-suddevelop.suddevelop.com\/index.php\/wp-json\/wp\/v2\/media\/1619"}],"wp:attachment":[{"href":"https:\/\/copie-suddevelop.suddevelop.com\/index.php\/wp-json\/wp\/v2\/media?parent=1070"}],"wp:term":[{"taxonomy":"product_brand","embeddable":true,"href":"https:\/\/copie-suddevelop.suddevelop.com\/index.php\/wp-json\/wp\/v2\/product_brand?post=1070"},{"taxonomy":"product_cat","embeddable":true,"href":"https:\/\/copie-suddevelop.suddevelop.com\/index.php\/wp-json\/wp\/v2\/product_cat?post=1070"},{"taxonomy":"product_tag","embeddable":true,"href":"https:\/\/copie-suddevelop.suddevelop.com\/index.php\/wp-json\/wp\/v2\/product_tag?post=1070"}],"curies":[{"name":"wp","href":"https:\/\/api.w.org\/{rel}","templated":true}]}}