{"id":1068,"date":"2022-10-03T19:49:20","date_gmt":"2022-10-03T19:49:20","guid":{"rendered":"http:\/\/sudevelop.fasobizness.com\/?post_type=product&#038;p=1068"},"modified":"2025-08-14T11:34:17","modified_gmt":"2025-08-14T11:34:17","slug":"rtc-206","status":"publish","type":"product","link":"https:\/\/copie-suddevelop.suddevelop.com\/index.php\/product\/rtc-206\/","title":{"rendered":"RTC 206"},"content":{"rendered":"<p>BANC DE REGULATION DE CLIMATISATION (GTB)<\/p>\n<h4>Applications p\u00e9dagogiques*<\/h4>\n<p>&#8211;\u00a0\u00a0\u00a0\u00a0\u00a0\u00a0\u00a0\u00a0\u00a0 Etude d\u2019une installation de climatisation<\/p>\n<p>&#8211;\u00a0\u00a0\u00a0\u00a0\u00a0\u00a0\u00a0\u00a0\u00a0 Installation d\u2019un r\u00e9gulateur<\/p>\n<p>&#8211;\u00a0\u00a0\u00a0\u00a0\u00a0\u00a0\u00a0\u00a0\u00a0 Recherche et identification des composants<\/p>\n<p>&#8211;\u00a0\u00a0\u00a0\u00a0\u00a0\u00a0\u00a0\u00a0\u00a0 C\u00e2blage des entr\u00e9es \/ sorties<\/p>\n<p>&#8211;\u00a0\u00a0\u00a0\u00a0\u00a0\u00a0\u00a0\u00a0\u00a0 R\u00e9glage<\/p>\n<p>&#8211;\u00a0\u00a0\u00a0\u00a0\u00a0\u00a0\u00a0\u00a0\u00a0 Simulation des entr\u00e9es temp\u00e9rature<\/p>\n<p>&#8211;\u00a0\u00a0\u00a0\u00a0\u00a0\u00a0\u00a0\u00a0\u00a0 Visualisation des actions du r\u00e9gulateur<\/p>\n<p>&#8211;\u00a0\u00a0\u00a0\u00a0\u00a0\u00a0\u00a0\u00a0\u00a0 Optimisation des r\u00e9glages<\/p>\n<h4>Description<\/h4>\n<p>Banc autonome pour l\u2019\u00e9tude de la programmation d\u2019une centrale de traitement d\u2019air par simulation des entr\u00e9es et visualisation des sorties sur synoptique couleur repr\u00e9sentant une installation compl\u00e8te.<\/p>\n<p>Banc pouvant \u00eatre reli\u00e9 sur une centrale de traitement d\u2019air (R\u00e9f. CRA 546) permettant ainsi d\u2019\u00e9tudier la r\u00e9gulation sur une machine r\u00e9elle.<\/p>\n<p>Le banc de r\u00e9gulation est pr\u00e9vu pour fonctionner suivant deux modes\u00a0:<\/p>\n<p>-mode simulation\u00a0: les entr\u00e9es et sorties du r\u00e9gulateur sont raccord\u00e9es \u00e0 un synoptique repr\u00e9sentant la centrale de traitement (CRA546). Le raccordement sera soit effectu\u00e9 par les \u00e9l\u00e8ves via des douilles double puits soit connecter directement en interne (choix du mode par un commutateur)<\/p>\n<p>-mode r\u00e9el\u00a0: les entr\u00e9es et sorties du r\u00e9gulateur sont raccord\u00e9es \u00e0 la centrale de traitement d\u2019air (CRA546). Le raccordement sera soit effectu\u00e9 par les \u00e9l\u00e8ves via des douilles double puits soit connecter directement en interne (choix du mode par un commutateur)<\/p>\n<p>La conception robuste de cet \u00e9quipement le rend parfaitement adapt\u00e9 pour une utilisation en milieu scolaire.<\/p>\n<p>Sa structure en aluminium anodis\u00e9e sur roues lui conf\u00e8re une tr\u00e8s grande robustesse ainsi qu\u2019une grande souplesse d\u2019int\u00e9gration dans vos locaux.La fabrication de cet \u00e9quipement r\u00e9pond \u00e0 la directive machine\u00a0 europ\u00e9enne<\/p>\n<p>Cet \u00e9quipement peut \u00eatre utilis\u00e9 seul ou associ\u00e9 aux autres \u00e9quipements compatibles de notre gamme<\/p>\n","protected":false},"excerpt":{"rendered":"<p>BANC DE REGULATION DE CLIMATISATION (GTB) Applications p\u00e9dagogiques* &#8211;\u00a0\u00a0\u00a0\u00a0\u00a0\u00a0\u00a0\u00a0\u00a0 Etude d\u2019une installation de climatisation &#8211;\u00a0\u00a0\u00a0\u00a0\u00a0\u00a0\u00a0\u00a0\u00a0 Installation d\u2019un r\u00e9gulateur &#8211;\u00a0\u00a0\u00a0\u00a0\u00a0\u00a0\u00a0\u00a0\u00a0 Recherche et identification des composants &#8211;\u00a0\u00a0\u00a0\u00a0\u00a0\u00a0\u00a0\u00a0\u00a0 C\u00e2blage des entr\u00e9es \/ sorties &#8211;\u00a0\u00a0\u00a0\u00a0\u00a0\u00a0\u00a0\u00a0\u00a0 R\u00e9glage &#8211;\u00a0\u00a0\u00a0\u00a0\u00a0\u00a0\u00a0\u00a0\u00a0 Simulation des entr\u00e9es temp\u00e9rature &#8211;\u00a0\u00a0\u00a0\u00a0\u00a0\u00a0\u00a0\u00a0\u00a0 Visualisation des actions du r\u00e9gulateur &#8211;\u00a0\u00a0\u00a0\u00a0\u00a0\u00a0\u00a0\u00a0\u00a0 Optimisation des r\u00e9glages Description Banc autonome pour l\u2019\u00e9tude de la programmation [&hellip;]<\/p>\n","protected":false},"featured_media":1618,"template":"","meta":{"site-sidebar-layout":"default","site-content-layout":"default","ast-site-content-layout":"default","site-content-style":"default","site-sidebar-style":"default","ast-global-header-display":"","ast-banner-title-visibility":"","ast-main-header-display":"","ast-hfb-above-header-display":"","ast-hfb-below-header-display":"","ast-hfb-mobile-header-display":"","site-post-title":"","ast-breadcrumbs-content":"","ast-featured-img":"","footer-sml-layout":"","theme-transparent-header-meta":"default","adv-header-id-meta":"","stick-header-meta":"","header-above-stick-meta":"","header-main-stick-meta":"","header-below-stick-meta":"","astra-migrate-meta-layouts":"default","ast-page-background-enabled":"default","ast-page-background-meta":{"desktop":{"background-color":"var(--ast-global-color-4)","background-image":"","background-repeat":"repeat","background-position":"center center","background-size":"auto","background-attachment":"scroll","background-type":"","background-media":"","overlay-type":"","overlay-color":"","overlay-opacity":"","overlay-gradient":""},"tablet":{"background-color":"","background-image":"","background-repeat":"repeat","background-position":"center center","background-size":"auto","background-attachment":"scroll","background-type":"","background-media":"","overlay-type":"","overlay-color":"","overlay-opacity":"","overlay-gradient":""},"mobile":{"background-color":"","background-image":"","background-repeat":"repeat","background-position":"center center","background-size":"auto","background-attachment":"scroll","background-type":"","background-media":"","overlay-type":"","overlay-color":"","overlay-opacity":"","overlay-gradient":""}},"ast-content-background-meta":{"desktop":{"background-color":"var(--ast-global-color-5)","background-image":"","background-repeat":"repeat","background-position":"center center","background-size":"auto","background-attachment":"scroll","background-type":"","background-media":"","overlay-type":"","overlay-color":"","overlay-opacity":"","overlay-gradient":""},"tablet":{"background-color":"var(--ast-global-color-5)","background-image":"","background-repeat":"repeat","background-position":"center center","background-size":"auto","background-attachment":"scroll","background-type":"","background-media":"","overlay-type":"","overlay-color":"","overlay-opacity":"","overlay-gradient":""},"mobile":{"background-color":"var(--ast-global-color-5)","background-image":"","background-repeat":"repeat","background-position":"center center","background-size":"auto","background-attachment":"scroll","background-type":"","background-media":"","overlay-type":"","overlay-color":"","overlay-opacity":"","overlay-gradient":""}},"_themeisle_gutenberg_block_has_review":false},"product_brand":[],"product_cat":[31,35,36,33,32],"product_tag":[],"class_list":{"0":"post-1068","1":"product","2":"type-product","3":"status-publish","4":"has-post-thumbnail","6":"product_cat-didactique","7":"product_cat-enseignement-professionnel-et-clinique","8":"product_cat-genie-civil","9":"product_cat-physique-chimie","10":"product_cat-science-de-la-vie-et-de-la-terre","11":"desktop-align-left","12":"tablet-align-left","13":"mobile-align-left","15":"first","16":"instock","17":"shipping-taxable","18":"product-type-simple"},"_links":{"self":[{"href":"https:\/\/copie-suddevelop.suddevelop.com\/index.php\/wp-json\/wp\/v2\/product\/1068","targetHints":{"allow":["GET"]}}],"collection":[{"href":"https:\/\/copie-suddevelop.suddevelop.com\/index.php\/wp-json\/wp\/v2\/product"}],"about":[{"href":"https:\/\/copie-suddevelop.suddevelop.com\/index.php\/wp-json\/wp\/v2\/types\/product"}],"wp:featuredmedia":[{"embeddable":true,"href":"https:\/\/copie-suddevelop.suddevelop.com\/index.php\/wp-json\/wp\/v2\/media\/1618"}],"wp:attachment":[{"href":"https:\/\/copie-suddevelop.suddevelop.com\/index.php\/wp-json\/wp\/v2\/media?parent=1068"}],"wp:term":[{"taxonomy":"product_brand","embeddable":true,"href":"https:\/\/copie-suddevelop.suddevelop.com\/index.php\/wp-json\/wp\/v2\/product_brand?post=1068"},{"taxonomy":"product_cat","embeddable":true,"href":"https:\/\/copie-suddevelop.suddevelop.com\/index.php\/wp-json\/wp\/v2\/product_cat?post=1068"},{"taxonomy":"product_tag","embeddable":true,"href":"https:\/\/copie-suddevelop.suddevelop.com\/index.php\/wp-json\/wp\/v2\/product_tag?post=1068"}],"curies":[{"name":"wp","href":"https:\/\/api.w.org\/{rel}","templated":true}]}}