{"id":1059,"date":"2022-10-03T19:39:45","date_gmt":"2022-10-03T19:39:45","guid":{"rendered":"http:\/\/sudevelop.fasobizness.com\/?post_type=product&#038;p=1059"},"modified":"2025-08-14T11:34:17","modified_gmt":"2025-08-14T11:34:17","slug":"cra-542","status":"publish","type":"product","link":"https:\/\/copie-suddevelop.suddevelop.com\/index.php\/product\/cra-542\/","title":{"rendered":"CRA 542"},"content":{"rendered":"<p>CENTRALE DE TRAITEMENT D\u2019AIR<\/p>\n<h4>Applications p\u00e9dagogiques*<\/h4>\n<p>&#8211;\u00a0\u00a0\u00a0\u00a0\u00a0\u00a0\u00a0\u00a0\u00a0 Identification des composants d\u2019une centrale de traitement d\u2019air double flux et d\u2019un groupe de production d\u2019eau glac\u00e9e.<\/p>\n<p>&#8211;\u00a0\u00a0\u00a0\u00a0\u00a0\u00a0\u00a0\u00a0\u00a0 Mise en service et contr\u00f4les de fonctionnement d\u2019une centrale.<\/p>\n<p>&#8211;\u00a0\u00a0\u00a0\u00a0\u00a0\u00a0\u00a0\u00a0\u00a0 Mesures des param\u00e8tres de fonctionnement (temp\u00e9rature d\u2019air, hygrom\u00e9trie de l\u2019air, vitesse de l\u2019air, pression diff\u00e9rentielle).<\/p>\n<p>&#8211;\u00a0\u00a0\u00a0\u00a0\u00a0\u00a0\u00a0\u00a0\u00a0 Etude des \u00e9changes thermiques et transformation de l\u2019air (batterie chaude \u00e9lectrique, batterie froide \u00e0 eau, humidificateur).<\/p>\n<p>&#8211;\u00a0\u00a0\u00a0\u00a0\u00a0\u00a0\u00a0\u00a0\u00a0 Trac\u00e9 du cycle de l\u2019air sur un diagramme psychrom\u00e9trique.<\/p>\n<p>&#8211;\u00a0\u00a0\u00a0\u00a0\u00a0\u00a0\u00a0\u00a0\u00a0 Trac\u00e9 de la courbe caract\u00e9ristique du ventilateur (pression en fonction du d\u00e9bit)<\/p>\n<p>&#8211;\u00a0\u00a0\u00a0\u00a0\u00a0\u00a0\u00a0\u00a0\u00a0 Maintenance du filtre \u00e0 air (mesure des pertes de charge, op\u00e9ration de changement du filtre)<\/p>\n<p>&#8211;\u00a0\u00a0\u00a0\u00a0\u00a0\u00a0\u00a0\u00a0\u00a0 Maintenance du pare gouttelette (d\u00e9pose, nettoyage, pose)<\/p>\n<p>&#8211;\u00a0\u00a0\u00a0\u00a0\u00a0\u00a0\u00a0\u00a0\u00a0 Maintenance du groupe de ventilation (d\u00e9pose de la courroie, pose d\u2019une nouvelle courroie, r\u00e9glage de l\u2019alignement et de la tension)<\/p>\n<h4>Description<\/h4>\n<p>Le banc CRA542 permet l\u2019\u00e9tude d\u2019une centrale de traitement d\u2019air industrielle de type double flux (deux ventilateurs). Elle comporte les \u00e9l\u00e9ments classiques d\u2019un r\u00e9seau de traitement, \u00e0 savoir\u00a0: des filtres, une batterie froide, un groupe d\u2019eau glac\u00e9e, un humidificateur, une batterie chaude, un ventilateur de soufflage, un ventilateur de reprise et des registres de m\u00e9lange.<\/p>\n<p>Les \u00e9tudiants devront dans un premier temps identifier les composants de la centrale et les sens de circulation de l\u2019air.<\/p>\n<p>Ils devront ensuite mettre en service le syst\u00e8me suivant les conditions fix\u00e9es par l\u2019enseignant (mode climatisation ou mode chauffage).<\/p>\n<p>Lorsque le r\u00e9gime de fonctionnement est \u00e9tabli, ils doivent alors mesurer les param\u00e8tres de fonctionnement (temp\u00e9rature, hygrom\u00e9trie, d\u00e9bit d\u2019air) avec les appareils portables fournis.<\/p>\n<p>Le travail suivant est d\u2019exploiter les mesures en tra\u00e7ant le cycle de l\u2019air sur un diagramme psychrom\u00e9trique et en calculant les puissances des \u00e9changeurs.<\/p>\n<p>Le banc de traitement d\u2019air permet \u00e9galement de faire des op\u00e9rations de maintenance\u00a0:<\/p>\n<p>-v\u00e9rification de la propret\u00e9 des filtres (par mesure de pression diff\u00e9rentielle) et op\u00e9ration de remplacement<\/p>\n<p>-v\u00e9rification du bon fonctionnement du ventilateur (mesure de la hauteur manom\u00e9trique g\u00e9n\u00e9r\u00e9e en fonction de la vitesse)<\/p>\n<p>-nettoyage du filtre pare gouttelettes (avec op\u00e9ration de d\u00e9montage et de remontage)<\/p>\n<p>-remplacement de la courroie de transmission du ventilateur avec op\u00e9ration de d\u00e9montage, remontage et r\u00e9glage de l\u2019alignement et de la tension<\/p>\n<p>La conception robuste de cet \u00e9quipement le rend parfaitement adapt\u00e9 pour une utilisation en milieu scolaire. Sa structure en aluminium anodis\u00e9e sur roues lui conf\u00e8re une tr\u00e8s grande robustesse ainsi qu\u2019une grande souplesse d\u2019int\u00e9gration dans vos locaux. La fabrication de cet \u00e9quipement r\u00e9pond \u00e0 la directive machine\u00a0 europ\u00e9enne.<\/p>\n","protected":false},"excerpt":{"rendered":"<p>CENTRALE DE TRAITEMENT D\u2019AIR Applications p\u00e9dagogiques* &#8211;\u00a0\u00a0\u00a0\u00a0\u00a0\u00a0\u00a0\u00a0\u00a0 Identification des composants d\u2019une centrale de traitement d\u2019air double flux et d\u2019un groupe de production d\u2019eau glac\u00e9e. &#8211;\u00a0\u00a0\u00a0\u00a0\u00a0\u00a0\u00a0\u00a0\u00a0 Mise en service et contr\u00f4les de fonctionnement d\u2019une centrale. &#8211;\u00a0\u00a0\u00a0\u00a0\u00a0\u00a0\u00a0\u00a0\u00a0 Mesures des param\u00e8tres de fonctionnement (temp\u00e9rature d\u2019air, hygrom\u00e9trie de l\u2019air, vitesse de l\u2019air, pression diff\u00e9rentielle). &#8211;\u00a0\u00a0\u00a0\u00a0\u00a0\u00a0\u00a0\u00a0\u00a0 Etude des \u00e9changes thermiques [&hellip;]<\/p>\n","protected":false},"featured_media":1608,"template":"","meta":{"site-sidebar-layout":"default","site-content-layout":"default","ast-site-content-layout":"default","site-content-style":"default","site-sidebar-style":"default","ast-global-header-display":"","ast-banner-title-visibility":"","ast-main-header-display":"","ast-hfb-above-header-display":"","ast-hfb-below-header-display":"","ast-hfb-mobile-header-display":"","site-post-title":"","ast-breadcrumbs-content":"","ast-featured-img":"","footer-sml-layout":"","theme-transparent-header-meta":"default","adv-header-id-meta":"","stick-header-meta":"","header-above-stick-meta":"","header-main-stick-meta":"","header-below-stick-meta":"","astra-migrate-meta-layouts":"default","ast-page-background-enabled":"default","ast-page-background-meta":{"desktop":{"background-color":"var(--ast-global-color-4)","background-image":"","background-repeat":"repeat","background-position":"center center","background-size":"auto","background-attachment":"scroll","background-type":"","background-media":"","overlay-type":"","overlay-color":"","overlay-opacity":"","overlay-gradient":""},"tablet":{"background-color":"","background-image":"","background-repeat":"repeat","background-position":"center center","background-size":"auto","background-attachment":"scroll","background-type":"","background-media":"","overlay-type":"","overlay-color":"","overlay-opacity":"","overlay-gradient":""},"mobile":{"background-color":"","background-image":"","background-repeat":"repeat","background-position":"center center","background-size":"auto","background-attachment":"scroll","background-type":"","background-media":"","overlay-type":"","overlay-color":"","overlay-opacity":"","overlay-gradient":""}},"ast-content-background-meta":{"desktop":{"background-color":"var(--ast-global-color-5)","background-image":"","background-repeat":"repeat","background-position":"center center","background-size":"auto","background-attachment":"scroll","background-type":"","background-media":"","overlay-type":"","overlay-color":"","overlay-opacity":"","overlay-gradient":""},"tablet":{"background-color":"var(--ast-global-color-5)","background-image":"","background-repeat":"repeat","background-position":"center center","background-size":"auto","background-attachment":"scroll","background-type":"","background-media":"","overlay-type":"","overlay-color":"","overlay-opacity":"","overlay-gradient":""},"mobile":{"background-color":"var(--ast-global-color-5)","background-image":"","background-repeat":"repeat","background-position":"center center","background-size":"auto","background-attachment":"scroll","background-type":"","background-media":"","overlay-type":"","overlay-color":"","overlay-opacity":"","overlay-gradient":""}},"_themeisle_gutenberg_block_has_review":false},"product_brand":[],"product_cat":[31,35,36,33,32],"product_tag":[],"class_list":{"0":"post-1059","1":"product","2":"type-product","3":"status-publish","4":"has-post-thumbnail","6":"product_cat-didactique","7":"product_cat-enseignement-professionnel-et-clinique","8":"product_cat-genie-civil","9":"product_cat-physique-chimie","10":"product_cat-science-de-la-vie-et-de-la-terre","11":"desktop-align-left","12":"tablet-align-left","13":"mobile-align-left","15":"first","16":"instock","17":"shipping-taxable","18":"product-type-simple"},"_links":{"self":[{"href":"https:\/\/copie-suddevelop.suddevelop.com\/index.php\/wp-json\/wp\/v2\/product\/1059","targetHints":{"allow":["GET"]}}],"collection":[{"href":"https:\/\/copie-suddevelop.suddevelop.com\/index.php\/wp-json\/wp\/v2\/product"}],"about":[{"href":"https:\/\/copie-suddevelop.suddevelop.com\/index.php\/wp-json\/wp\/v2\/types\/product"}],"wp:featuredmedia":[{"embeddable":true,"href":"https:\/\/copie-suddevelop.suddevelop.com\/index.php\/wp-json\/wp\/v2\/media\/1608"}],"wp:attachment":[{"href":"https:\/\/copie-suddevelop.suddevelop.com\/index.php\/wp-json\/wp\/v2\/media?parent=1059"}],"wp:term":[{"taxonomy":"product_brand","embeddable":true,"href":"https:\/\/copie-suddevelop.suddevelop.com\/index.php\/wp-json\/wp\/v2\/product_brand?post=1059"},{"taxonomy":"product_cat","embeddable":true,"href":"https:\/\/copie-suddevelop.suddevelop.com\/index.php\/wp-json\/wp\/v2\/product_cat?post=1059"},{"taxonomy":"product_tag","embeddable":true,"href":"https:\/\/copie-suddevelop.suddevelop.com\/index.php\/wp-json\/wp\/v2\/product_tag?post=1059"}],"curies":[{"name":"wp","href":"https:\/\/api.w.org\/{rel}","templated":true}]}}