{"id":1050,"date":"2022-10-03T19:31:03","date_gmt":"2022-10-03T19:31:03","guid":{"rendered":"http:\/\/sudevelop.fasobizness.com\/?post_type=product&#038;p=1050"},"modified":"2025-08-14T11:34:17","modified_gmt":"2025-08-14T11:34:17","slug":"cra-525","status":"publish","type":"product","link":"https:\/\/copie-suddevelop.suddevelop.com\/index.php\/product\/cra-525\/","title":{"rendered":"CRA 525"},"content":{"rendered":"<p>CENTRALE DE TRAITEMENT D&rsquo;AIR BASIQUE<\/p>\n<h4>Applications p\u00e9dagogiques*<\/h4>\n<p>&nbsp;<\/p>\n<ul>\n<li>Etude des composants d\u2019une installation<\/li>\n<li>Fonctionnement en chauffage ou r\u00e9frig\u00e9ration (fluide frigorig\u00e8ne)<\/li>\n<li>D\u00e9termination du bilan thermique.<\/li>\n<li>Influence de la vitesse de l\u2019air.<\/li>\n<li>Etude des transformations psychrom\u00e9triques sur le diagramme de l\u2019air humide.<\/li>\n<li>Efficacit\u00e9 des \u00e9changes.<\/li>\n<\/ul>\n","protected":false},"excerpt":{"rendered":"<p>CENTRALE DE TRAITEMENT D&rsquo;AIR BASIQUE Applications p\u00e9dagogiques* &nbsp; Etude des composants d\u2019une installation Fonctionnement en chauffage ou r\u00e9frig\u00e9ration (fluide frigorig\u00e8ne) D\u00e9termination du bilan thermique. Influence de la vitesse de l\u2019air. Etude des transformations psychrom\u00e9triques sur le diagramme de l\u2019air humide. Efficacit\u00e9 des \u00e9changes.<\/p>\n","protected":false},"featured_media":1615,"template":"","meta":{"site-sidebar-layout":"default","site-content-layout":"default","ast-site-content-layout":"default","site-content-style":"default","site-sidebar-style":"default","ast-global-header-display":"","ast-banner-title-visibility":"","ast-main-header-display":"","ast-hfb-above-header-display":"","ast-hfb-below-header-display":"","ast-hfb-mobile-header-display":"","site-post-title":"","ast-breadcrumbs-content":"","ast-featured-img":"","footer-sml-layout":"","theme-transparent-header-meta":"default","adv-header-id-meta":"","stick-header-meta":"","header-above-stick-meta":"","header-main-stick-meta":"","header-below-stick-meta":"","astra-migrate-meta-layouts":"default","ast-page-background-enabled":"default","ast-page-background-meta":{"desktop":{"background-color":"var(--ast-global-color-4)","background-image":"","background-repeat":"repeat","background-position":"center center","background-size":"auto","background-attachment":"scroll","background-type":"","background-media":"","overlay-type":"","overlay-color":"","overlay-opacity":"","overlay-gradient":""},"tablet":{"background-color":"","background-image":"","background-repeat":"repeat","background-position":"center center","background-size":"auto","background-attachment":"scroll","background-type":"","background-media":"","overlay-type":"","overlay-color":"","overlay-opacity":"","overlay-gradient":""},"mobile":{"background-color":"","background-image":"","background-repeat":"repeat","background-position":"center center","background-size":"auto","background-attachment":"scroll","background-type":"","background-media":"","overlay-type":"","overlay-color":"","overlay-opacity":"","overlay-gradient":""}},"ast-content-background-meta":{"desktop":{"background-color":"var(--ast-global-color-5)","background-image":"","background-repeat":"repeat","background-position":"center center","background-size":"auto","background-attachment":"scroll","background-type":"","background-media":"","overlay-type":"","overlay-color":"","overlay-opacity":"","overlay-gradient":""},"tablet":{"background-color":"var(--ast-global-color-5)","background-image":"","background-repeat":"repeat","background-position":"center center","background-size":"auto","background-attachment":"scroll","background-type":"","background-media":"","overlay-type":"","overlay-color":"","overlay-opacity":"","overlay-gradient":""},"mobile":{"background-color":"var(--ast-global-color-5)","background-image":"","background-repeat":"repeat","background-position":"center center","background-size":"auto","background-attachment":"scroll","background-type":"","background-media":"","overlay-type":"","overlay-color":"","overlay-opacity":"","overlay-gradient":""}},"_themeisle_gutenberg_block_has_review":false},"product_brand":[],"product_cat":[31,35,36,33,32],"product_tag":[],"class_list":{"0":"post-1050","1":"product","2":"type-product","3":"status-publish","4":"has-post-thumbnail","6":"product_cat-didactique","7":"product_cat-enseignement-professionnel-et-clinique","8":"product_cat-genie-civil","9":"product_cat-physique-chimie","10":"product_cat-science-de-la-vie-et-de-la-terre","11":"desktop-align-left","12":"tablet-align-left","13":"mobile-align-left","15":"first","16":"instock","17":"shipping-taxable","18":"product-type-simple"},"_links":{"self":[{"href":"https:\/\/copie-suddevelop.suddevelop.com\/index.php\/wp-json\/wp\/v2\/product\/1050","targetHints":{"allow":["GET"]}}],"collection":[{"href":"https:\/\/copie-suddevelop.suddevelop.com\/index.php\/wp-json\/wp\/v2\/product"}],"about":[{"href":"https:\/\/copie-suddevelop.suddevelop.com\/index.php\/wp-json\/wp\/v2\/types\/product"}],"wp:featuredmedia":[{"embeddable":true,"href":"https:\/\/copie-suddevelop.suddevelop.com\/index.php\/wp-json\/wp\/v2\/media\/1615"}],"wp:attachment":[{"href":"https:\/\/copie-suddevelop.suddevelop.com\/index.php\/wp-json\/wp\/v2\/media?parent=1050"}],"wp:term":[{"taxonomy":"product_brand","embeddable":true,"href":"https:\/\/copie-suddevelop.suddevelop.com\/index.php\/wp-json\/wp\/v2\/product_brand?post=1050"},{"taxonomy":"product_cat","embeddable":true,"href":"https:\/\/copie-suddevelop.suddevelop.com\/index.php\/wp-json\/wp\/v2\/product_cat?post=1050"},{"taxonomy":"product_tag","embeddable":true,"href":"https:\/\/copie-suddevelop.suddevelop.com\/index.php\/wp-json\/wp\/v2\/product_tag?post=1050"}],"curies":[{"name":"wp","href":"https:\/\/api.w.org\/{rel}","templated":true}]}}