{"id":1021,"date":"2022-10-03T19:00:08","date_gmt":"2022-10-03T19:00:08","guid":{"rendered":"http:\/\/sudevelop.fasobizness.com\/?post_type=product&#038;p=1021"},"modified":"2025-08-14T11:34:17","modified_gmt":"2025-08-14T11:34:17","slug":"cmf-100","status":"publish","type":"product","link":"https:\/\/copie-suddevelop.suddevelop.com\/index.php\/product\/cmf-100\/","title":{"rendered":"CMF 100"},"content":{"rendered":"<p>BANC DE REFRIGERATION DE TYPE CASCADE<\/p>\n<h4>Applications p\u00e9dagogiques*<\/h4>\n<ul>\n<li>Identification des composants d\u2019un syst\u00e8me de r\u00e9frig\u00e9ration cascade<\/li>\n<li>Mise en service et v\u00e9rification du fonctionnement<\/li>\n<li>Etude du concept de base d\u2019une installation frigorifique au R404A et au R134s en cascade.<\/li>\n<li>Etude du cycle thermodynamique sur diagramme enthalpique.<\/li>\n<li>Etude de la r\u00e9gulation<\/li>\n<li>Calcul des puissances frigorifiques au \u00e9changeurs.<\/li>\n<li>Rendement global de l\u2019unit\u00e9.<\/li>\n<\/ul>\n<h4>Description<\/h4>\n<p>Le banc CMF100 permet l\u2019\u00e9tude d\u2019une centrale de compression en cascade. Elle est compos\u00e9e de deux compresseurs semi herm\u00e9tiques industriels raccord\u00e9s en cascade par le biais d\u2019un \u00e9changeur \u00e0 plaque et d\u2019une chambre froide dans laquelle est plac\u00e9 un \u00e9vaporateur \u00e0 convection forc\u00e9e. L\u2019\u00e9tage primaire fonctionne au R134a et le secondaire au R404a. Le syst\u00e8me comprend tous les composants standards \u00e9quipant les centrales industrielles (bouteille anti coup de liquide, d\u00e9shydrateur, d\u00e9tendeur..). En plus de cela le banc est instrument\u00e9 afin d\u2019\u00e9largir son exploitation p\u00e9dagogique.<\/p>\n<p>Les \u00e9tudiants devront dans un premier temps comprendre le syst\u00e8me et identifier les composants de l\u2019installation. Ils pourront ensuite faire la mise en service et les r\u00e9glages n\u00e9cessaires (pressostats, r\u00e9gulateurs,\u00a0d\u00e9tendeur\u2026).<\/p>\n<p>Lorsque le syst\u00e8me sera en fonctionnement ils pourront alors v\u00e9rifier les param\u00e8tres (pression, temp\u00e9rature, d\u00e9bit..). ils calculeront le rendement et traceront le diagramme enthalpique correspondant \u00e0 chaque \u00e9tage du syst\u00e8me.<\/p>\n<p>Dans un dernier temps, ils pourront effectuer des op\u00e9rations de maintenance telles que la proc\u00e9dure de changement d\u2019un compresseur sur une centrale, le changement d\u2019un \u00e9vaporateur, la pose de manifold..<\/p>\n","protected":false},"excerpt":{"rendered":"<p>BANC DE REFRIGERATION DE TYPE CASCADE Applications p\u00e9dagogiques* Identification des composants d\u2019un syst\u00e8me de r\u00e9frig\u00e9ration cascade Mise en service et v\u00e9rification du fonctionnement Etude du concept de base d\u2019une installation frigorifique au R404A et au R134s en cascade. Etude du cycle thermodynamique sur diagramme enthalpique. Etude de la r\u00e9gulation Calcul des puissances frigorifiques au \u00e9changeurs. [&hellip;]<\/p>\n","protected":false},"featured_media":1635,"template":"","meta":{"site-sidebar-layout":"default","site-content-layout":"default","ast-site-content-layout":"default","site-content-style":"default","site-sidebar-style":"default","ast-global-header-display":"","ast-banner-title-visibility":"","ast-main-header-display":"","ast-hfb-above-header-display":"","ast-hfb-below-header-display":"","ast-hfb-mobile-header-display":"","site-post-title":"","ast-breadcrumbs-content":"","ast-featured-img":"","footer-sml-layout":"","theme-transparent-header-meta":"default","adv-header-id-meta":"","stick-header-meta":"","header-above-stick-meta":"","header-main-stick-meta":"","header-below-stick-meta":"","astra-migrate-meta-layouts":"default","ast-page-background-enabled":"default","ast-page-background-meta":{"desktop":{"background-color":"var(--ast-global-color-4)","background-image":"","background-repeat":"repeat","background-position":"center center","background-size":"auto","background-attachment":"scroll","background-type":"","background-media":"","overlay-type":"","overlay-color":"","overlay-opacity":"","overlay-gradient":""},"tablet":{"background-color":"","background-image":"","background-repeat":"repeat","background-position":"center center","background-size":"auto","background-attachment":"scroll","background-type":"","background-media":"","overlay-type":"","overlay-color":"","overlay-opacity":"","overlay-gradient":""},"mobile":{"background-color":"","background-image":"","background-repeat":"repeat","background-position":"center center","background-size":"auto","background-attachment":"scroll","background-type":"","background-media":"","overlay-type":"","overlay-color":"","overlay-opacity":"","overlay-gradient":""}},"ast-content-background-meta":{"desktop":{"background-color":"var(--ast-global-color-5)","background-image":"","background-repeat":"repeat","background-position":"center center","background-size":"auto","background-attachment":"scroll","background-type":"","background-media":"","overlay-type":"","overlay-color":"","overlay-opacity":"","overlay-gradient":""},"tablet":{"background-color":"var(--ast-global-color-5)","background-image":"","background-repeat":"repeat","background-position":"center center","background-size":"auto","background-attachment":"scroll","background-type":"","background-media":"","overlay-type":"","overlay-color":"","overlay-opacity":"","overlay-gradient":""},"mobile":{"background-color":"var(--ast-global-color-5)","background-image":"","background-repeat":"repeat","background-position":"center center","background-size":"auto","background-attachment":"scroll","background-type":"","background-media":"","overlay-type":"","overlay-color":"","overlay-opacity":"","overlay-gradient":""}},"_themeisle_gutenberg_block_has_review":false},"product_brand":[],"product_cat":[31,35,36,33,32],"product_tag":[],"class_list":{"0":"post-1021","1":"product","2":"type-product","3":"status-publish","4":"has-post-thumbnail","6":"product_cat-didactique","7":"product_cat-enseignement-professionnel-et-clinique","8":"product_cat-genie-civil","9":"product_cat-physique-chimie","10":"product_cat-science-de-la-vie-et-de-la-terre","11":"desktop-align-left","12":"tablet-align-left","13":"mobile-align-left","15":"first","16":"instock","17":"shipping-taxable","18":"product-type-simple"},"_links":{"self":[{"href":"https:\/\/copie-suddevelop.suddevelop.com\/index.php\/wp-json\/wp\/v2\/product\/1021","targetHints":{"allow":["GET"]}}],"collection":[{"href":"https:\/\/copie-suddevelop.suddevelop.com\/index.php\/wp-json\/wp\/v2\/product"}],"about":[{"href":"https:\/\/copie-suddevelop.suddevelop.com\/index.php\/wp-json\/wp\/v2\/types\/product"}],"wp:featuredmedia":[{"embeddable":true,"href":"https:\/\/copie-suddevelop.suddevelop.com\/index.php\/wp-json\/wp\/v2\/media\/1635"}],"wp:attachment":[{"href":"https:\/\/copie-suddevelop.suddevelop.com\/index.php\/wp-json\/wp\/v2\/media?parent=1021"}],"wp:term":[{"taxonomy":"product_brand","embeddable":true,"href":"https:\/\/copie-suddevelop.suddevelop.com\/index.php\/wp-json\/wp\/v2\/product_brand?post=1021"},{"taxonomy":"product_cat","embeddable":true,"href":"https:\/\/copie-suddevelop.suddevelop.com\/index.php\/wp-json\/wp\/v2\/product_cat?post=1021"},{"taxonomy":"product_tag","embeddable":true,"href":"https:\/\/copie-suddevelop.suddevelop.com\/index.php\/wp-json\/wp\/v2\/product_tag?post=1021"}],"curies":[{"name":"wp","href":"https:\/\/api.w.org\/{rel}","templated":true}]}}