{"id":1006,"date":"2022-10-03T18:46:33","date_gmt":"2022-10-03T18:46:33","guid":{"rendered":"http:\/\/sudevelop.fasobizness.com\/?post_type=product&#038;p=1006"},"modified":"2025-08-14T11:34:17","modified_gmt":"2025-08-14T11:34:17","slug":"chb-100","status":"publish","type":"product","link":"https:\/\/copie-suddevelop.suddevelop.com\/index.php\/product\/chb-100\/","title":{"rendered":"CHB 100"},"content":{"rendered":"<p>CHAMBRE FROIDE<\/p>\n<h4>Applications p\u00e9dagogiques*<\/h4>\n<ul>\n<li>Identification des composants d\u2019une chambre froide<\/li>\n<li>Utilisation des kits pour refroidir l\u2019ambiance<\/li>\n<li>Convecteur \u00e9lectrique pour tester les kits en charge<\/li>\n<li>Le syst\u00e8me \u00e0 un rendu industriel<\/li>\n<li>La chambre froide est livr\u00e9e assembl\u00e9e sur un ch\u00e2ssis \u00e9quip\u00e9 de 4 roulettes<\/li>\n<li>La taille de la chambre froide est adapt\u00e9e pour un passage de porte standard.<\/li>\n<\/ul>\n<h4>Description<\/h4>\n<p>La chambre froide CHB100 est con\u00e7ue pour tester le fonctionnement des kit froid DIDATEC (CHN404, CHP134, CHK134, CHK404).<\/p>\n<p>Une d\u00e9coupe sur la paroi lat\u00e9rale permet d\u2019introduire l\u2019\u00e9vaporateur du kit dans la chambre. Les \u00e9tudiants pourront alors tester le kit dans des conditions r\u00e9els. Un convecteur \u00e9lectrique est plac\u00e9 \u00e0 l\u2019int\u00e9rieur afin de cr\u00e9er une charge thermique et d\u2019\u00e9viter les courts cycles des groupes.<\/p>\n","protected":false},"excerpt":{"rendered":"<p>CHAMBRE FROIDE Applications p\u00e9dagogiques* Identification des composants d\u2019une chambre froide Utilisation des kits pour refroidir l\u2019ambiance Convecteur \u00e9lectrique pour tester les kits en charge Le syst\u00e8me \u00e0 un rendu industriel La chambre froide est livr\u00e9e assembl\u00e9e sur un ch\u00e2ssis \u00e9quip\u00e9 de 4 roulettes La taille de la chambre froide est adapt\u00e9e pour un passage de [&hellip;]<\/p>\n","protected":false},"featured_media":1603,"template":"","meta":{"site-sidebar-layout":"default","site-content-layout":"default","ast-site-content-layout":"default","site-content-style":"default","site-sidebar-style":"default","ast-global-header-display":"","ast-banner-title-visibility":"","ast-main-header-display":"","ast-hfb-above-header-display":"","ast-hfb-below-header-display":"","ast-hfb-mobile-header-display":"","site-post-title":"","ast-breadcrumbs-content":"","ast-featured-img":"","footer-sml-layout":"","theme-transparent-header-meta":"default","adv-header-id-meta":"","stick-header-meta":"","header-above-stick-meta":"","header-main-stick-meta":"","header-below-stick-meta":"","astra-migrate-meta-layouts":"default","ast-page-background-enabled":"default","ast-page-background-meta":{"desktop":{"background-color":"var(--ast-global-color-4)","background-image":"","background-repeat":"repeat","background-position":"center center","background-size":"auto","background-attachment":"scroll","background-type":"","background-media":"","overlay-type":"","overlay-color":"","overlay-opacity":"","overlay-gradient":""},"tablet":{"background-color":"","background-image":"","background-repeat":"repeat","background-position":"center center","background-size":"auto","background-attachment":"scroll","background-type":"","background-media":"","overlay-type":"","overlay-color":"","overlay-opacity":"","overlay-gradient":""},"mobile":{"background-color":"","background-image":"","background-repeat":"repeat","background-position":"center center","background-size":"auto","background-attachment":"scroll","background-type":"","background-media":"","overlay-type":"","overlay-color":"","overlay-opacity":"","overlay-gradient":""}},"ast-content-background-meta":{"desktop":{"background-color":"var(--ast-global-color-5)","background-image":"","background-repeat":"repeat","background-position":"center center","background-size":"auto","background-attachment":"scroll","background-type":"","background-media":"","overlay-type":"","overlay-color":"","overlay-opacity":"","overlay-gradient":""},"tablet":{"background-color":"var(--ast-global-color-5)","background-image":"","background-repeat":"repeat","background-position":"center center","background-size":"auto","background-attachment":"scroll","background-type":"","background-media":"","overlay-type":"","overlay-color":"","overlay-opacity":"","overlay-gradient":""},"mobile":{"background-color":"var(--ast-global-color-5)","background-image":"","background-repeat":"repeat","background-position":"center center","background-size":"auto","background-attachment":"scroll","background-type":"","background-media":"","overlay-type":"","overlay-color":"","overlay-opacity":"","overlay-gradient":""}},"_themeisle_gutenberg_block_has_review":false},"product_brand":[],"product_cat":[31,35,36,33,32],"product_tag":[],"class_list":{"0":"post-1006","1":"product","2":"type-product","3":"status-publish","4":"has-post-thumbnail","6":"product_cat-didactique","7":"product_cat-enseignement-professionnel-et-clinique","8":"product_cat-genie-civil","9":"product_cat-physique-chimie","10":"product_cat-science-de-la-vie-et-de-la-terre","11":"desktop-align-left","12":"tablet-align-left","13":"mobile-align-left","15":"first","16":"instock","17":"shipping-taxable","18":"product-type-simple"},"_links":{"self":[{"href":"https:\/\/copie-suddevelop.suddevelop.com\/index.php\/wp-json\/wp\/v2\/product\/1006","targetHints":{"allow":["GET"]}}],"collection":[{"href":"https:\/\/copie-suddevelop.suddevelop.com\/index.php\/wp-json\/wp\/v2\/product"}],"about":[{"href":"https:\/\/copie-suddevelop.suddevelop.com\/index.php\/wp-json\/wp\/v2\/types\/product"}],"wp:featuredmedia":[{"embeddable":true,"href":"https:\/\/copie-suddevelop.suddevelop.com\/index.php\/wp-json\/wp\/v2\/media\/1603"}],"wp:attachment":[{"href":"https:\/\/copie-suddevelop.suddevelop.com\/index.php\/wp-json\/wp\/v2\/media?parent=1006"}],"wp:term":[{"taxonomy":"product_brand","embeddable":true,"href":"https:\/\/copie-suddevelop.suddevelop.com\/index.php\/wp-json\/wp\/v2\/product_brand?post=1006"},{"taxonomy":"product_cat","embeddable":true,"href":"https:\/\/copie-suddevelop.suddevelop.com\/index.php\/wp-json\/wp\/v2\/product_cat?post=1006"},{"taxonomy":"product_tag","embeddable":true,"href":"https:\/\/copie-suddevelop.suddevelop.com\/index.php\/wp-json\/wp\/v2\/product_tag?post=1006"}],"curies":[{"name":"wp","href":"https:\/\/api.w.org\/{rel}","templated":true}]}}